{"id":1898,"date":"2017-07-19T12:48:18","date_gmt":"2017-07-19T10:48:18","guid":{"rendered":"http:\/\/neogroup.eu\/produits\/"},"modified":"2024-10-10T16:06:57","modified_gmt":"2024-10-10T14:06:57","slug":"produits","status":"publish","type":"page","link":"https:\/\/neogroup.eu\/fr\/produits\/","title":{"rendered":"Produits"},"content":{"rendered":"<p>La gamme de produits de NEO GROUP comprend quelques produits de tr\u00e8s haute qualit\u00e9: les granul\u00e9s et les polyols de poly\u00e9thyl\u00e8ne t\u00e9r\u00e9phtalate (PET).<\/p>\n","protected":false},"excerpt":{"rendered":"<p>La gamme de produits de NEO GROUP comprend quelques produits de tr\u00e8s haute qualit\u00e9: les granul\u00e9s et les polyols de poly\u00e9thyl\u00e8ne t\u00e9r\u00e9phtalate (PET).<\/p>\n","protected":false},"author":3,"featured_media":2336,"parent":0,"menu_order":123,"comment_status":"closed","ping_status":"closed","template":"page-products.php","meta":{"_acf_changed":false,"footnotes":""},"class_list":["post-1898","page","type-page","status-publish","has-post-thumbnail","hentry"],"acf":[],"_links":{"self":[{"href":"https:\/\/neogroup.eu\/fr\/wp-json\/wp\/v2\/pages\/1898","targetHints":{"allow":["GET"]}}],"collection":[{"href":"https:\/\/neogroup.eu\/fr\/wp-json\/wp\/v2\/pages"}],"about":[{"href":"https:\/\/neogroup.eu\/fr\/wp-json\/wp\/v2\/types\/page"}],"author":[{"embeddable":true,"href":"https:\/\/neogroup.eu\/fr\/wp-json\/wp\/v2\/users\/3"}],"replies":[{"embeddable":true,"href":"https:\/\/neogroup.eu\/fr\/wp-json\/wp\/v2\/comments?post=1898"}],"version-history":[{"count":3,"href":"https:\/\/neogroup.eu\/fr\/wp-json\/wp\/v2\/pages\/1898\/revisions"}],"predecessor-version":[{"id":6406,"href":"https:\/\/neogroup.eu\/fr\/wp-json\/wp\/v2\/pages\/1898\/revisions\/6406"}],"wp:featuredmedia":[{"embeddable":true,"href":"https:\/\/neogroup.eu\/fr\/wp-json\/wp\/v2\/media\/2336"}],"wp:attachment":[{"href":"https:\/\/neogroup.eu\/fr\/wp-json\/wp\/v2\/media?parent=1898"}],"curies":[{"name":"wp","href":"https:\/\/api.w.org\/{rel}","templated":true}]}}