{"id":1905,"date":"2017-07-19T12:48:31","date_gmt":"2017-07-19T10:48:31","guid":{"rendered":"http:\/\/neogroup.eu\/durabilite\/"},"modified":"2025-04-03T14:53:52","modified_gmt":"2025-04-03T12:53:52","slug":"durabilite","status":"publish","type":"page","link":"https:\/\/neogroup.eu\/fr\/durabilite\/","title":{"rendered":"Durabilit\u00e9"},"content":{"rendered":"<p>La durabilit\u00e9 est et sera une caract\u00e9ristique ins\u00e9parable des activit\u00e9s de NEO GROUP. Nous nous effor\u00e7ons constamment de diminuer l&rsquo;impact de notre production, du stockage, du transport et du recyclage sur l&rsquo;environnement. Nous analysons toujours l&rsquo;influence de tous les processus de notre activit\u00e9 sur l&rsquo;ambiance, aussi, nous pouvons \u00eatre s\u00fbrs de l&rsquo;efficacit\u00e9 maximale et de la responsabilit\u00e9 de notre travail.<\/p>\n","protected":false},"excerpt":{"rendered":"<p>La durabilit\u00e9 est et sera une caract\u00e9ristique ins\u00e9parable des activit\u00e9s de NEO GROUP. Nous nous effor\u00e7ons constamment de diminuer l&rsquo;impact de notre production, du stockage, du transport et du recyclage sur l&rsquo;environnement. Nous analysons toujours l&rsquo;influence de tous les processus de notre activit\u00e9 sur l&rsquo;ambiance, aussi, nous pouvons \u00eatre s\u00fbrs de l&rsquo;efficacit\u00e9 maximale et de [&hellip;]<\/p>\n","protected":false},"author":3,"featured_media":2516,"parent":0,"menu_order":130,"comment_status":"closed","ping_status":"closed","template":"page-sustainability.php","meta":{"_acf_changed":false,"footnotes":""},"class_list":["post-1905","page","type-page","status-publish","has-post-thumbnail","hentry"],"acf":[],"_links":{"self":[{"href":"https:\/\/neogroup.eu\/fr\/wp-json\/wp\/v2\/pages\/1905","targetHints":{"allow":["GET"]}}],"collection":[{"href":"https:\/\/neogroup.eu\/fr\/wp-json\/wp\/v2\/pages"}],"about":[{"href":"https:\/\/neogroup.eu\/fr\/wp-json\/wp\/v2\/types\/page"}],"author":[{"embeddable":true,"href":"https:\/\/neogroup.eu\/fr\/wp-json\/wp\/v2\/users\/3"}],"replies":[{"embeddable":true,"href":"https:\/\/neogroup.eu\/fr\/wp-json\/wp\/v2\/comments?post=1905"}],"version-history":[{"count":1,"href":"https:\/\/neogroup.eu\/fr\/wp-json\/wp\/v2\/pages\/1905\/revisions"}],"predecessor-version":[{"id":6531,"href":"https:\/\/neogroup.eu\/fr\/wp-json\/wp\/v2\/pages\/1905\/revisions\/6531"}],"wp:featuredmedia":[{"embeddable":true,"href":"https:\/\/neogroup.eu\/fr\/wp-json\/wp\/v2\/media\/2516"}],"wp:attachment":[{"href":"https:\/\/neogroup.eu\/fr\/wp-json\/wp\/v2\/media?parent=1905"}],"curies":[{"name":"wp","href":"https:\/\/api.w.org\/{rel}","templated":true}]}}