{"id":1912,"date":"2017-07-19T12:48:47","date_gmt":"2017-07-19T10:48:47","guid":{"rendered":"http:\/\/neogroup.eu\/carriere\/"},"modified":"2022-01-03T18:02:15","modified_gmt":"2022-01-03T16:02:15","slug":"carriere","status":"publish","type":"page","link":"https:\/\/neogroup.eu\/fr\/carriere\/","title":{"rendered":"Carri\u00e8re"},"content":{"rendered":"<p>NEO GROUP offre des possibilit\u00e9s de carri\u00e8re \u00e0 ses employ\u00e9s. Nous r\u00e9servons une grande attention au perfectionnement professionnel et personnel des employ\u00e9s car nous sommes conscients qu&rsquo;il augmente nos avantages concurrentiels.<\/p>\n","protected":false},"excerpt":{"rendered":"<p>NEO GROUP offre des possibilit\u00e9s de carri\u00e8re \u00e0 ses employ\u00e9s. Nous r\u00e9servons une grande attention au perfectionnement professionnel et personnel des employ\u00e9s car nous sommes conscients qu&rsquo;il augmente nos avantages concurrentiels.<\/p>\n","protected":false},"author":3,"featured_media":2426,"parent":0,"menu_order":73,"comment_status":"closed","ping_status":"closed","template":"page-careers.php","meta":{"_acf_changed":false,"footnotes":""},"class_list":["post-1912","page","type-page","status-publish","has-post-thumbnail","hentry"],"acf":[],"_links":{"self":[{"href":"https:\/\/neogroup.eu\/fr\/wp-json\/wp\/v2\/pages\/1912","targetHints":{"allow":["GET"]}}],"collection":[{"href":"https:\/\/neogroup.eu\/fr\/wp-json\/wp\/v2\/pages"}],"about":[{"href":"https:\/\/neogroup.eu\/fr\/wp-json\/wp\/v2\/types\/page"}],"author":[{"embeddable":true,"href":"https:\/\/neogroup.eu\/fr\/wp-json\/wp\/v2\/users\/3"}],"replies":[{"embeddable":true,"href":"https:\/\/neogroup.eu\/fr\/wp-json\/wp\/v2\/comments?post=1912"}],"version-history":[{"count":0,"href":"https:\/\/neogroup.eu\/fr\/wp-json\/wp\/v2\/pages\/1912\/revisions"}],"wp:featuredmedia":[{"embeddable":true,"href":"https:\/\/neogroup.eu\/fr\/wp-json\/wp\/v2\/media\/2426"}],"wp:attachment":[{"href":"https:\/\/neogroup.eu\/fr\/wp-json\/wp\/v2\/media?parent=1912"}],"curies":[{"name":"wp","href":"https:\/\/api.w.org\/{rel}","templated":true}]}}