{"id":4989,"date":"2022-01-03T11:28:54","date_gmt":"2022-01-03T09:28:54","guid":{"rendered":"http:\/\/neogroup.eu\/?page_id=4989"},"modified":"2022-01-03T11:30:35","modified_gmt":"2022-01-03T09:30:35","slug":"cookies","status":"publish","type":"page","link":"https:\/\/neogroup.eu\/fr\/cookies\/","title":{"rendered":"Cookies"},"content":{"rendered":"<p>Naudodami slapukus, u\u017etikriname efektyv\u0173 nar\u0161ym\u0105 bei svetain\u0117s veikim\u0105. Vieni j\u0173 yra b\u016btini kai kuri\u0173 tinklapio skil\u010di\u0173 veikimui, kiti \u2013 skirti rinkti informacij\u0105 statistikai.<\/p>\n<p><strong>Kas yra slapukai?<\/strong><\/p>\n<p>Slapukai yra ma\u017eos tekstin\u0117s rinkmenos, kurios vartotojui aplankius interneto svetain\u0119 atsiranda kompiuterio ar mobilaus \u012frenginio (plan\u0161et\u0117s ar mobilaus telefono) ekrane. Slapukuose yra informacija apie vartotojo apsilankymus internete. Naudodama slapukus, svetain\u0117 i\u0161saugo informacij\u0105 apie vartotojo pasirinkimus ir teikiamas pirmenybes (pavyzd\u017eiui, prisijungimus, kalbos, \u0161rifto dyd\u017eio ir kitus ekrano nustatymus), tod\u0117l vartotojui v\u0117l apsilankius svetain\u0117je arba i\u0161 vieno svetain\u0117s puslapio per\u0117jus \u012f kit\u0105 nebereikia i\u0161 naujo atlikti nustatym\u0173. Slapukai palengvina nar\u0161ym\u0105, o svetain\u0117 tampa naudingesn\u0117 lankytojams.<\/p>\n<p><strong>Kokius slapukus mes naudojame?<\/strong><\/p>\n<p>M\u016bs\u0173 svetain\u0117je yra naudojami techniniai slapukai, kurie sukurti ir tiesiogiai naudojami pa\u010dios svetain\u0117s (be tre\u010di\u0173j\u0173 asmen\u0173 \u012fsiki\u0161imo) informacijos elektroniniu ry\u0161io tinklu perdavimui, arba, jeigu b\u016btina, siekiant suteikti vartotojo pra\u0161om\u0105 informacin\u0117s visuomen\u0117s paslaug\u0173 tiek\u0117jo paslaug\u0105. Techniniai slapukai n\u0117ra naudojasi jokiems kitiems tikslams.<\/p>\n<p><strong>Kaip valdyti slapukus<\/strong><\/p>\n<p>Slapukus galite i\u0161jungti bet kuriuo metu nar\u0161ykl\u0117je pakeisdami saugumo ir privatumo nustatymus. Ta\u010diau \u0161i galimyb\u0117 gali apriboti svetain\u0117s funkcionalum\u0105.<\/p>\n<p>Daugiau informacijos rasite \u010dia: <strong><a href=\"http:\/\/www.aboutcookies.org\/\" target=\"_blank\" rel=\"noopener\">http:\/\/www.aboutcookies.org\/<\/a><\/strong><\/p>\n","protected":false},"excerpt":{"rendered":"<p>Naudodami slapukus, u\u017etikriname efektyv\u0173 nar\u0161ym\u0105 bei svetain\u0117s veikim\u0105. Vieni j\u0173 yra b\u016btini kai kuri\u0173 tinklapio skil\u010di\u0173 veikimui, kiti \u2013 skirti rinkti informacij\u0105 statistikai. Kas yra slapukai? Slapukai yra ma\u017eos tekstin\u0117s rinkmenos, kurios vartotojui aplankius interneto svetain\u0119 atsiranda kompiuterio ar mobilaus \u012frenginio (plan\u0161et\u0117s ar mobilaus telefono) ekrane. Slapukuose yra informacija apie vartotojo apsilankymus internete. Naudodama slapukus, [&hellip;]<\/p>\n","protected":false},"author":3,"featured_media":2306,"parent":0,"menu_order":106,"comment_status":"closed","ping_status":"closed","template":"","meta":{"_acf_changed":false,"footnotes":""},"class_list":["post-4989","page","type-page","status-publish","has-post-thumbnail","hentry"],"acf":[],"_links":{"self":[{"href":"https:\/\/neogroup.eu\/fr\/wp-json\/wp\/v2\/pages\/4989","targetHints":{"allow":["GET"]}}],"collection":[{"href":"https:\/\/neogroup.eu\/fr\/wp-json\/wp\/v2\/pages"}],"about":[{"href":"https:\/\/neogroup.eu\/fr\/wp-json\/wp\/v2\/types\/page"}],"author":[{"embeddable":true,"href":"https:\/\/neogroup.eu\/fr\/wp-json\/wp\/v2\/users\/3"}],"replies":[{"embeddable":true,"href":"https:\/\/neogroup.eu\/fr\/wp-json\/wp\/v2\/comments?post=4989"}],"version-history":[{"count":0,"href":"https:\/\/neogroup.eu\/fr\/wp-json\/wp\/v2\/pages\/4989\/revisions"}],"wp:featuredmedia":[{"embeddable":true,"href":"https:\/\/neogroup.eu\/fr\/wp-json\/wp\/v2\/media\/2306"}],"wp:attachment":[{"href":"https:\/\/neogroup.eu\/fr\/wp-json\/wp\/v2\/media?parent=4989"}],"curies":[{"name":"wp","href":"https:\/\/api.w.org\/{rel}","templated":true}]}}