{"id":1892,"date":"2017-07-19T12:48:08","date_gmt":"2017-07-19T10:48:08","guid":{"rendered":"http:\/\/neogroup.eu\/il-luogo\/"},"modified":"2022-01-04T16:29:11","modified_gmt":"2022-01-04T14:29:11","slug":"il-luogo","status":"publish","type":"page","link":"https:\/\/neogroup.eu\/it\/il-luogo\/","title":{"rendered":"Il luogo"},"content":{"rendered":"<p>NEO GROUP si trova nella zona economica libera di Klaip\u0117da. \u00c8 la regione in maggiore espansione in Lituania, in cui la zona economica libera \u00e8 dedicata agli investimenti, alla creazione di infrastrutture strategiche e alla produzione.<\/p>\n","protected":false},"excerpt":{"rendered":"<p>NEO GROUP si trova nella zona economica libera di Klaip\u0117da. \u00c8 la regione in maggiore espansione in Lituania, in cui la zona economica libera \u00e8 dedicata agli investimenti, alla creazione di infrastrutture strategiche e alla produzione.<\/p>\n","protected":false},"author":3,"featured_media":2308,"parent":0,"menu_order":116,"comment_status":"closed","ping_status":"closed","template":"page-location.php","meta":{"_acf_changed":false,"footnotes":""},"class_list":["post-1892","page","type-page","status-publish","has-post-thumbnail","hentry"],"acf":[],"_links":{"self":[{"href":"https:\/\/neogroup.eu\/it\/wp-json\/wp\/v2\/pages\/1892","targetHints":{"allow":["GET"]}}],"collection":[{"href":"https:\/\/neogroup.eu\/it\/wp-json\/wp\/v2\/pages"}],"about":[{"href":"https:\/\/neogroup.eu\/it\/wp-json\/wp\/v2\/types\/page"}],"author":[{"embeddable":true,"href":"https:\/\/neogroup.eu\/it\/wp-json\/wp\/v2\/users\/3"}],"replies":[{"embeddable":true,"href":"https:\/\/neogroup.eu\/it\/wp-json\/wp\/v2\/comments?post=1892"}],"version-history":[{"count":0,"href":"https:\/\/neogroup.eu\/it\/wp-json\/wp\/v2\/pages\/1892\/revisions"}],"wp:featuredmedia":[{"embeddable":true,"href":"https:\/\/neogroup.eu\/it\/wp-json\/wp\/v2\/media\/2308"}],"wp:attachment":[{"href":"https:\/\/neogroup.eu\/it\/wp-json\/wp\/v2\/media?parent=1892"}],"curies":[{"name":"wp","href":"https:\/\/api.w.org\/{rel}","templated":true}]}}