{"id":1906,"date":"2017-07-19T12:48:31","date_gmt":"2017-07-19T10:48:31","guid":{"rendered":"http:\/\/neogroup.eu\/sostenibilita\/"},"modified":"2025-04-03T14:54:23","modified_gmt":"2025-04-03T12:54:23","slug":"sostenibilita","status":"publish","type":"page","link":"https:\/\/neogroup.eu\/it\/sostenibilita\/","title":{"rendered":"Sostenibilit\u00e0"},"content":{"rendered":"<p>La sostenibilit\u00e0 \u00e8 e sar\u00e0 una caratteristica inseparabile delle attivit\u00e0, sia giornaliere, sia a lungo termine, di NEO GROUP. Noi ci sforziamo costantemente di ridurre l&#8217;impatto sull&#8217;ambiente della nostra produzione, dello stoccaggio, dei trasporti e del riciclaggio. Analizziamo sempre l&#8217;impatto di tutti i processi facenti parte delle nostre attivit\u00e0; per questa ragione, possiamo essere sicuri della massima efficacia e della responsabilit\u00e0 del nostro lavoro.<\/p>\n","protected":false},"excerpt":{"rendered":"<p>La sostenibilit\u00e0 \u00e8 e sar\u00e0 una caratteristica inseparabile delle attivit\u00e0, sia giornaliere, sia a lungo termine, di NEO GROUP. Noi ci sforziamo costantemente di ridurre l&#8217;impatto sull&#8217;ambiente della nostra produzione, dello stoccaggio, dei trasporti e del riciclaggio. Analizziamo sempre l&#8217;impatto di tutti i processi facenti parte delle nostre attivit\u00e0; per questa ragione, possiamo essere sicuri [&hellip;]<\/p>\n","protected":false},"author":3,"featured_media":2518,"parent":0,"menu_order":131,"comment_status":"closed","ping_status":"closed","template":"page-sustainability.php","meta":{"_acf_changed":false,"footnotes":""},"class_list":["post-1906","page","type-page","status-publish","has-post-thumbnail","hentry"],"acf":[],"_links":{"self":[{"href":"https:\/\/neogroup.eu\/it\/wp-json\/wp\/v2\/pages\/1906","targetHints":{"allow":["GET"]}}],"collection":[{"href":"https:\/\/neogroup.eu\/it\/wp-json\/wp\/v2\/pages"}],"about":[{"href":"https:\/\/neogroup.eu\/it\/wp-json\/wp\/v2\/types\/page"}],"author":[{"embeddable":true,"href":"https:\/\/neogroup.eu\/it\/wp-json\/wp\/v2\/users\/3"}],"replies":[{"embeddable":true,"href":"https:\/\/neogroup.eu\/it\/wp-json\/wp\/v2\/comments?post=1906"}],"version-history":[{"count":1,"href":"https:\/\/neogroup.eu\/it\/wp-json\/wp\/v2\/pages\/1906\/revisions"}],"predecessor-version":[{"id":6533,"href":"https:\/\/neogroup.eu\/it\/wp-json\/wp\/v2\/pages\/1906\/revisions\/6533"}],"wp:featuredmedia":[{"embeddable":true,"href":"https:\/\/neogroup.eu\/it\/wp-json\/wp\/v2\/media\/2518"}],"wp:attachment":[{"href":"https:\/\/neogroup.eu\/it\/wp-json\/wp\/v2\/media?parent=1906"}],"curies":[{"name":"wp","href":"https:\/\/api.w.org\/{rel}","templated":true}]}}