{"id":1893,"date":"2017-07-19T12:48:08","date_gmt":"2017-07-19T10:48:08","guid":{"rendered":"http:\/\/neogroup.eu\/vieta\/"},"modified":"2022-01-04T16:32:32","modified_gmt":"2022-01-04T14:32:32","slug":"vieta","status":"publish","type":"page","link":"https:\/\/neogroup.eu\/lt\/vieta\/","title":{"rendered":"Vieta"},"content":{"rendered":"<p>NEO GROUP \u012fsik\u016brusi Klaip\u0117dos laisvojoje ekonomin\u0117je zonoje (LEZ). Tai spar\u010diausiai besivystantis regionas, o laisvoji ekonomin\u0117 zona skatina investicijas, strategin\u0117s infrastrukt\u016bros k\u016brim\u0105 ir gamybos pl\u0117tojim\u0105.<\/p>\n","protected":false},"excerpt":{"rendered":"<p>NEO GROUP \u012fsik\u016brusi Klaip\u0117dos laisvojoje ekonomin\u0117je zonoje (LEZ). Tai spar\u010diausiai besivystantis regionas, o laisvoji ekonomin\u0117 zona skatina investicijas, strategin\u0117s infrastrukt\u016bros k\u016brim\u0105 ir gamybos pl\u0117tojim\u0105.<\/p>\n","protected":false},"author":3,"featured_media":2309,"parent":0,"menu_order":115,"comment_status":"closed","ping_status":"closed","template":"page-location.php","meta":{"_acf_changed":false,"footnotes":""},"class_list":["post-1893","page","type-page","status-publish","has-post-thumbnail","hentry"],"acf":[],"_links":{"self":[{"href":"https:\/\/neogroup.eu\/lt\/wp-json\/wp\/v2\/pages\/1893","targetHints":{"allow":["GET"]}}],"collection":[{"href":"https:\/\/neogroup.eu\/lt\/wp-json\/wp\/v2\/pages"}],"about":[{"href":"https:\/\/neogroup.eu\/lt\/wp-json\/wp\/v2\/types\/page"}],"author":[{"embeddable":true,"href":"https:\/\/neogroup.eu\/lt\/wp-json\/wp\/v2\/users\/3"}],"replies":[{"embeddable":true,"href":"https:\/\/neogroup.eu\/lt\/wp-json\/wp\/v2\/comments?post=1893"}],"version-history":[{"count":0,"href":"https:\/\/neogroup.eu\/lt\/wp-json\/wp\/v2\/pages\/1893\/revisions"}],"wp:featuredmedia":[{"embeddable":true,"href":"https:\/\/neogroup.eu\/lt\/wp-json\/wp\/v2\/media\/2309"}],"wp:attachment":[{"href":"https:\/\/neogroup.eu\/lt\/wp-json\/wp\/v2\/media?parent=1893"}],"curies":[{"name":"wp","href":"https:\/\/api.w.org\/{rel}","templated":true}]}}