{"id":1907,"date":"2017-07-19T12:48:31","date_gmt":"2017-07-19T10:48:31","guid":{"rendered":"http:\/\/neogroup.eu\/tvari-pletra\/"},"modified":"2025-07-11T09:56:45","modified_gmt":"2025-07-11T07:56:45","slug":"tvari-pletra","status":"publish","type":"page","link":"https:\/\/neogroup.eu\/lt\/tvari-pletra\/","title":{"rendered":"Tvari pl\u0117tra"},"content":{"rendered":"<p>Socialin\u0117 ekologin\u0117 atsakomyb\u0117 yra neatsiejama NEO GROUP veiklos dalis. Mes nuolatos stengiam\u0117s ma\u017einti poveik\u012f aplinkai, kur\u012f sukelia m\u016bs\u0173 gamybos procesai, laikymo b\u016bdai, gabenimas ir perdirbimas. Nuolatos analizuojame vis\u0173 m\u016bs\u0173 veiklos proces\u0173 poveik\u012f aplinkai, tod\u0117l galime b\u016bti tikri, kad dirbame maksimaliai efektyviai ir atsakingai.<\/p>\n","protected":false},"excerpt":{"rendered":"<p>Socialin\u0117 ekologin\u0117 atsakomyb\u0117 yra neatsiejama NEO GROUP veiklos dalis. Mes nuolatos stengiam\u0117s ma\u017einti poveik\u012f aplinkai, kur\u012f sukelia m\u016bs\u0173 gamybos procesai, laikymo b\u016bdai, gabenimas ir perdirbimas. Nuolatos analizuojame vis\u0173 m\u016bs\u0173 veiklos proces\u0173 poveik\u012f aplinkai, tod\u0117l galime b\u016bti tikri, kad dirbame maksimaliai efektyviai ir atsakingai.<\/p>\n","protected":false},"author":3,"featured_media":2519,"parent":0,"menu_order":132,"comment_status":"closed","ping_status":"closed","template":"page-sustainability.php","meta":{"_acf_changed":false,"footnotes":""},"class_list":["post-1907","page","type-page","status-publish","has-post-thumbnail","hentry"],"acf":[],"_links":{"self":[{"href":"https:\/\/neogroup.eu\/lt\/wp-json\/wp\/v2\/pages\/1907","targetHints":{"allow":["GET"]}}],"collection":[{"href":"https:\/\/neogroup.eu\/lt\/wp-json\/wp\/v2\/pages"}],"about":[{"href":"https:\/\/neogroup.eu\/lt\/wp-json\/wp\/v2\/types\/page"}],"author":[{"embeddable":true,"href":"https:\/\/neogroup.eu\/lt\/wp-json\/wp\/v2\/users\/3"}],"replies":[{"embeddable":true,"href":"https:\/\/neogroup.eu\/lt\/wp-json\/wp\/v2\/comments?post=1907"}],"version-history":[{"count":7,"href":"https:\/\/neogroup.eu\/lt\/wp-json\/wp\/v2\/pages\/1907\/revisions"}],"predecessor-version":[{"id":6837,"href":"https:\/\/neogroup.eu\/lt\/wp-json\/wp\/v2\/pages\/1907\/revisions\/6837"}],"wp:featuredmedia":[{"embeddable":true,"href":"https:\/\/neogroup.eu\/lt\/wp-json\/wp\/v2\/media\/2519"}],"wp:attachment":[{"href":"https:\/\/neogroup.eu\/lt\/wp-json\/wp\/v2\/media?parent=1907"}],"curies":[{"name":"wp","href":"https:\/\/api.w.org\/{rel}","templated":true}]}}