{"id":1914,"date":"2017-07-19T12:48:47","date_gmt":"2017-07-19T10:48:47","guid":{"rendered":"http:\/\/neogroup.eu\/karjera\/"},"modified":"2025-08-12T10:52:38","modified_gmt":"2025-08-12T08:52:38","slug":"karjera","status":"publish","type":"page","link":"https:\/\/neogroup.eu\/lt\/karjera\/","title":{"rendered":"Karjera"},"content":{"rendered":"<p>NEO GROUP si\u016blo savo darbuotojams tikras karjeros galimybes. Daug d\u0117mesio skiriame darbuotoj\u0173 profesiniam ir asmeniniam tobul\u0117jimui, nes \u017einome, kad tai padidina m\u016bs\u0173 konkurencin\u012f prana\u0161um\u0105.<\/p>\n","protected":false},"excerpt":{"rendered":"<p>NEO GROUP si\u016blo savo darbuotojams tikras karjeros galimybes. Daug d\u0117mesio skiriame darbuotoj\u0173 profesiniam ir asmeniniam tobul\u0117jimui, nes \u017einome, kad tai padidina m\u016bs\u0173 konkurencin\u012f prana\u0161um\u0105.<\/p>\n","protected":false},"author":3,"featured_media":2429,"parent":0,"menu_order":73,"comment_status":"closed","ping_status":"closed","template":"page-careers.php","meta":{"_acf_changed":false,"footnotes":""},"class_list":["post-1914","page","type-page","status-publish","has-post-thumbnail","hentry"],"acf":[],"_links":{"self":[{"href":"https:\/\/neogroup.eu\/lt\/wp-json\/wp\/v2\/pages\/1914","targetHints":{"allow":["GET"]}}],"collection":[{"href":"https:\/\/neogroup.eu\/lt\/wp-json\/wp\/v2\/pages"}],"about":[{"href":"https:\/\/neogroup.eu\/lt\/wp-json\/wp\/v2\/types\/page"}],"author":[{"embeddable":true,"href":"https:\/\/neogroup.eu\/lt\/wp-json\/wp\/v2\/users\/3"}],"replies":[{"embeddable":true,"href":"https:\/\/neogroup.eu\/lt\/wp-json\/wp\/v2\/comments?post=1914"}],"version-history":[{"count":1,"href":"https:\/\/neogroup.eu\/lt\/wp-json\/wp\/v2\/pages\/1914\/revisions"}],"predecessor-version":[{"id":7027,"href":"https:\/\/neogroup.eu\/lt\/wp-json\/wp\/v2\/pages\/1914\/revisions\/7027"}],"wp:featuredmedia":[{"embeddable":true,"href":"https:\/\/neogroup.eu\/lt\/wp-json\/wp\/v2\/media\/2429"}],"wp:attachment":[{"href":"https:\/\/neogroup.eu\/lt\/wp-json\/wp\/v2\/media?parent=1914"}],"curies":[{"name":"wp","href":"https:\/\/api.w.org\/{rel}","templated":true}]}}