{"id":1921,"date":"2017-07-19T12:48:56","date_gmt":"2017-07-19T10:48:56","guid":{"rendered":"http:\/\/neogroup.eu\/kontaktai\/"},"modified":"2026-03-06T14:48:29","modified_gmt":"2026-03-06T12:48:29","slug":"kontaktai","status":"publish","type":"page","link":"https:\/\/neogroup.eu\/lt\/kontaktai\/","title":{"rendered":"Kontaktai"},"content":{"rendered":"<p>Susisiekite su NEO GROUP ir su\u017einokite apie NEOPET ir NEOPOLYOL produktus ir J\u016bs\u0173 verslui tinkamus sprendimus. Para\u0161ykite mums elektroniniu pa\u0161tu info@neogroup.eu, ir mes atsakysime \u012f visus J\u016bs\u0173 klausimus!<\/p>\n","protected":false},"excerpt":{"rendered":"<p>Susisiekite su NEO GROUP ir su\u017einokite apie NEOPET ir NEOPOLYOL produktus ir J\u016bs\u0173 verslui tinkamus sprendimus. Para\u0161ykite mums elektroniniu pa\u0161tu info@neogroup.eu, ir mes atsakysime \u012f visus J\u016bs\u0173 klausimus!<\/p>\n","protected":false},"author":3,"featured_media":2417,"parent":0,"menu_order":99,"comment_status":"closed","ping_status":"closed","template":"page-contacts.php","meta":{"_acf_changed":false,"footnotes":""},"class_list":["post-1921","page","type-page","status-publish","has-post-thumbnail","hentry"],"acf":[],"_links":{"self":[{"href":"https:\/\/neogroup.eu\/lt\/wp-json\/wp\/v2\/pages\/1921","targetHints":{"allow":["GET"]}}],"collection":[{"href":"https:\/\/neogroup.eu\/lt\/wp-json\/wp\/v2\/pages"}],"about":[{"href":"https:\/\/neogroup.eu\/lt\/wp-json\/wp\/v2\/types\/page"}],"author":[{"embeddable":true,"href":"https:\/\/neogroup.eu\/lt\/wp-json\/wp\/v2\/users\/3"}],"replies":[{"embeddable":true,"href":"https:\/\/neogroup.eu\/lt\/wp-json\/wp\/v2\/comments?post=1921"}],"version-history":[{"count":6,"href":"https:\/\/neogroup.eu\/lt\/wp-json\/wp\/v2\/pages\/1921\/revisions"}],"predecessor-version":[{"id":7182,"href":"https:\/\/neogroup.eu\/lt\/wp-json\/wp\/v2\/pages\/1921\/revisions\/7182"}],"wp:featuredmedia":[{"embeddable":true,"href":"https:\/\/neogroup.eu\/lt\/wp-json\/wp\/v2\/media\/2417"}],"wp:attachment":[{"href":"https:\/\/neogroup.eu\/lt\/wp-json\/wp\/v2\/media?parent=1921"}],"curies":[{"name":"wp","href":"https:\/\/api.w.org\/{rel}","templated":true}]}}