{"id":1986,"date":"2017-09-11T14:17:12","date_gmt":"2017-09-11T12:17:12","guid":{"rendered":"http:\/\/neogroup.eu\/apie-mus\/"},"modified":"2026-03-10T14:32:35","modified_gmt":"2026-03-10T12:32:35","slug":"apie-mus","status":"publish","type":"page","link":"https:\/\/neogroup.eu\/lt\/apie-imone\/apie-mus\/","title":{"rendered":"Apie mus"},"content":{"rendered":"<p>NEO GROUP yra dinami\u0161kai besivystanti \u0161iuolaikin\u0117 polietilentereftalato (PET) granuli\u0173 gamybos \u012fmon\u0117 \u2013 viena i\u0161 pagrindini\u0173 auk\u0161tos kokyb\u0117s PET \u017ealiavos plastikinei pakuotei ir polioli\u0173 gamintoj\u0173 Europoje.<\/p>\n","protected":false},"excerpt":{"rendered":"<p>NEO GROUP yra dinami\u0161kai besivystanti \u0161iuolaikin\u0117 polietilentereftalato (PET) granuli\u0173 gamybos \u012fmon\u0117 \u2013 viena i\u0161 pagrindini\u0173 auk\u0161tos kokyb\u0117s PET \u017ealiavos plastikinei pakuotei ir polioli\u0173 gamintoj\u0173 Europoje.<\/p>\n","protected":false},"author":3,"featured_media":2453,"parent":1886,"menu_order":85,"comment_status":"closed","ping_status":"closed","template":"page-about-us.php","meta":{"_acf_changed":false,"footnotes":""},"class_list":["post-1986","page","type-page","status-publish","has-post-thumbnail","hentry"],"acf":[],"_links":{"self":[{"href":"https:\/\/neogroup.eu\/lt\/wp-json\/wp\/v2\/pages\/1986","targetHints":{"allow":["GET"]}}],"collection":[{"href":"https:\/\/neogroup.eu\/lt\/wp-json\/wp\/v2\/pages"}],"about":[{"href":"https:\/\/neogroup.eu\/lt\/wp-json\/wp\/v2\/types\/page"}],"author":[{"embeddable":true,"href":"https:\/\/neogroup.eu\/lt\/wp-json\/wp\/v2\/users\/3"}],"replies":[{"embeddable":true,"href":"https:\/\/neogroup.eu\/lt\/wp-json\/wp\/v2\/comments?post=1986"}],"version-history":[{"count":20,"href":"https:\/\/neogroup.eu\/lt\/wp-json\/wp\/v2\/pages\/1986\/revisions"}],"predecessor-version":[{"id":7192,"href":"https:\/\/neogroup.eu\/lt\/wp-json\/wp\/v2\/pages\/1986\/revisions\/7192"}],"up":[{"embeddable":true,"href":"https:\/\/neogroup.eu\/lt\/wp-json\/wp\/v2\/pages\/1886"}],"wp:featuredmedia":[{"embeddable":true,"href":"https:\/\/neogroup.eu\/lt\/wp-json\/wp\/v2\/media\/2453"}],"wp:attachment":[{"href":"https:\/\/neogroup.eu\/lt\/wp-json\/wp\/v2\/media?parent=1986"}],"curies":[{"name":"wp","href":"https:\/\/api.w.org\/{rel}","templated":true}]}}