{"id":1993,"date":"2017-09-11T14:19:20","date_gmt":"2017-09-11T12:19:20","guid":{"rendered":"http:\/\/neogroup.eu\/naujienos\/"},"modified":"2022-01-03T10:30:18","modified_gmt":"2022-01-03T08:30:18","slug":"naujienos","status":"publish","type":"page","link":"https:\/\/neogroup.eu\/lt\/apie-imone\/naujienos\/","title":{"rendered":"Naujienos"},"content":{"rendered":"<p>\u012evykiai, investicijos ir produkt\u0173 pl\u0117tra.<br \/>\n Su\u017einokite paskutines NEO GROUP naujienas.<\/p>\n","protected":false},"excerpt":{"rendered":"<p>\u012evykiai, investicijos ir produkt\u0173 pl\u0117tra. Su\u017einokite paskutines NEO GROUP naujienas.<\/p>\n","protected":false},"author":3,"featured_media":2447,"parent":1886,"menu_order":95,"comment_status":"closed","ping_status":"closed","template":"page-news.php","meta":{"_acf_changed":false,"footnotes":""},"class_list":["post-1993","page","type-page","status-publish","has-post-thumbnail","hentry"],"acf":[],"_links":{"self":[{"href":"https:\/\/neogroup.eu\/lt\/wp-json\/wp\/v2\/pages\/1993","targetHints":{"allow":["GET"]}}],"collection":[{"href":"https:\/\/neogroup.eu\/lt\/wp-json\/wp\/v2\/pages"}],"about":[{"href":"https:\/\/neogroup.eu\/lt\/wp-json\/wp\/v2\/types\/page"}],"author":[{"embeddable":true,"href":"https:\/\/neogroup.eu\/lt\/wp-json\/wp\/v2\/users\/3"}],"replies":[{"embeddable":true,"href":"https:\/\/neogroup.eu\/lt\/wp-json\/wp\/v2\/comments?post=1993"}],"version-history":[{"count":0,"href":"https:\/\/neogroup.eu\/lt\/wp-json\/wp\/v2\/pages\/1993\/revisions"}],"up":[{"embeddable":true,"href":"https:\/\/neogroup.eu\/lt\/wp-json\/wp\/v2\/pages\/1886"}],"wp:featuredmedia":[{"embeddable":true,"href":"https:\/\/neogroup.eu\/lt\/wp-json\/wp\/v2\/media\/2447"}],"wp:attachment":[{"href":"https:\/\/neogroup.eu\/lt\/wp-json\/wp\/v2\/media?parent=1993"}],"curies":[{"name":"wp","href":"https:\/\/api.w.org\/{rel}","templated":true}]}}