{"id":2028,"date":"2017-10-06T12:27:28","date_gmt":"2017-10-06T10:27:28","guid":{"rendered":"http:\/\/neogroup.eu\/verslo-partneriams\/"},"modified":"2026-03-30T13:12:01","modified_gmt":"2026-03-30T11:12:01","slug":"verslo-partneriams","status":"publish","type":"page","link":"https:\/\/neogroup.eu\/lt\/verslo-partneriams\/","title":{"rendered":"Verslo partneriams"},"content":{"rendered":"<p><strong>D\u0117kojame Jums u\u017e sprendim\u0105 bendradarbiauti su NEO GROUP \u2013 mes b\u016bsime patikimas J\u016bs\u0173 verslo partneris, dirbantis kartu bendrai m\u016bs\u0173 s\u0117kmei. J\u016bs galite susipa\u017einti su informacija, skirta verslo partneriams.<\/strong><\/p>\n<p>Taikoma sutartims, sudarytoms nuo 2026-02-02.<\/p>\n<p><a class=\"like-btn\" href=\"https:\/\/neogroup.eu\/wp-content\/uploads\/2026\/02\/NEO_2026-02-01_NEO_GTC_sales_EN.pdf\" target=\"_blank\" rel=\"noopener noreferrer\">BENDROSIOS PARDAVIMO S\u0104LYGOS (angl\u0173 k.)<\/a><\/p>\n<p>Taikoma sutartims, sudarytoms nuo 2023-12-18.<\/p>\n<p><a class=\"like-btn\" href=\"https:\/\/neogroup.eu\/wp-content\/uploads\/2024\/04\/NEO_2023-12-18_NEO_GTC_sales_EN_1.pdf\" target=\"_blank\" rel=\"noopener noreferrer\">BENDROSIOS PARDAVIMO S\u0104LYGOS (angl\u0173 k.)<\/a><\/p>\n<p>Taikoma sutartims, sudarytoms nuo 2020-11-18 iki 2023-12-17.<\/p>\n<p><a class=\"like-btn\" href=\"http:\/\/neogroup.eu\/wp-content\/uploads\/2020\/11\/2020-11-18_NEO-GROUP-UAB_GTC_ENG.pdf\" target=\"_blank\" rel=\"noopener noreferrer\">BENDROSIOS PARDAVIMO S\u0104LYGOS (angl\u0173 k.)<\/a><\/p>\n<p>Taikoma sutartims, sudarytoms nuo 2017-08-08 iki 2020-11-18.<\/p>\n<p><a class=\"like-btn\" href=\"http:\/\/neogroup.eu\/wp-content\/uploads\/2018\/05\/Priedas-Nr.-1-General-terms-LT-2017-08.pdf\" target=\"_blank\" rel=\"noopener noreferrer\">BENDROSIOS PARDAVIMO S\u0104LYGOS<\/a><\/p>\n<p>Taikoma sutartims, sudarytoms nuo 2014-09-09 iki 2017-08-08.<\/p>\n<p><a class=\"like-btn\" href=\"http:\/\/neogroup.eu\/wp-content\/uploads\/2018\/05\/Priedas-Nr.-1-General-terms-LT-2014-09.pdf\" target=\"_blank\" rel=\"noopener noreferrer\">BENDROSIOS PARDAVIMO S\u0104LYGOS<\/a><\/p>\n<p>Taikoma sutartims, sudarytoms nuo 2014-04-15 iki 2014-09-08.<\/p>\n<p><a class=\"like-btn\" href=\"http:\/\/neogroup.eu\/wp-content\/uploads\/2018\/05\/General-terms-and-conditions-of-sale-2014-04_lt.pdf\" target=\"_blank\" rel=\"noopener noreferrer\">BENDROSIOS PARDAVIMO S\u0104LYGOS<\/a><\/p>\n<p><strong>Informacija ve\u017e\u0117jams ir rangovams, dirbantiems UAB &#8222;NEO GROUP&#8221; teritorijoje:<\/strong><\/p>\n<p><a class=\"like-btn\" href=\"https:\/\/neogroup.eu\/wp-content\/uploads\/2024\/01\/NEO-GROUP-teritorijoje-dirbanciu-rangoviniu-organizaciju-aplinkosaugos-sveikatos-ir-saugos-darbe-bei-priesgaisrines-saugos-tvarka.pdf\" target=\"_blank\" rel=\"noopener noreferrer\">Informacija rangovams<\/a><br \/>\n<a class=\"like-btn\" href=\"https:\/\/neogroup.eu\/wp-content\/uploads\/2024\/01\/UAB-NEO-GROUP-teritorijoje-dirbanciu-vezeju-organizaciju-aplinkosaugos-sveikatos-ir-saugos-darbe-bei-priesgaisrines-saugos-tvarka.pdf\" target=\"_blank\" rel=\"noopener noreferrer\">Informacija ve\u017e\u0117jams<\/a><\/p>\n<p>\u012emon\u0117s verslo etikos kodeksas numato, kad jos darbuotojams yra draud\u017eiama imti bet kokias pinigines dovanas i\u0161 tiek\u0117j\u0173. Taip pat draud\u017eiamas ir palengvinimo mokes\u010di\u0173 mok\u0117jimas ar pri\u0117mimas. Dovanos daikt\u0173 ar paslaug\u0173 i\u0161rai\u0161ka galimos, ta\u010diau turi b\u016bti simbolin\u0117s ir nevir\u0161yti 50 Eur vert\u0117s.<\/p>\n<p><a class=\"like-btn\" href=\"https:\/\/neogroup.eu\/wp-content\/uploads\/2026\/03\/Verslo-etikos-kodeksas-tiekejams_2026.pdf\" target=\"_blank\" rel=\"noopener noreferrer\">VERSLO ETIKOS KODEKSAS<\/a><\/p>\n<p><a class=\"like-btn\" href=\"https:\/\/neogroup.eu\/wp-content\/uploads\/2026\/03\/Del-Verslo-etikos-kodekso-tiekejams-patvirtinimo_2026-03-30.pdf\" target=\"_blank\" rel=\"noopener noreferrer\">VERSLO ETIKOS KODEKSAS TIEK\u0116JAMS<\/a><\/p>\n<p><strong>Prane\u0161imas apie pa\u017eeidimus (<em>ang. whistleblowing<\/em>)<\/strong><\/p>\n<p>Manome, kad skaidrumas, pasitik\u0117jimas ir atviras bendravimas visoje organizacijoje skatina geresn\u0119 darbo kult\u016br\u0105, yra b\u016btini siekiant tvarios ir ilgalaik\u0117s \u012fmon\u0117s s\u0117km\u0117s, tod\u0117l UAB \u201eNEO GROUP\u201c (Bendrov\u0117) suteikia galimyb\u0119 savo darbuotojams, verslo partneriams ir kitoms suinteresuotoms tre\u010diosioms \u0161alims naudotis prane\u0161imo kanalais.<\/p>\n<p>Informacijos apie pa\u017eeidimus teikimo kanalas skirtas prane\u0161ti apie galimai neteis\u0117tus, ar \u012ftariamais neteis\u0117tais, veiksmus ir m\u016bs\u0173 politikos pa\u017eeidimus. Pa\u017eeidim\u0173 pavyzd\u017eiai yra, ta\u010diau jais neapsiribojama: suk\u010diavimas ir korupcija, priekabiavimas ir diskriminacija, bei aplinkos ir \u017emogaus teisi\u0173 \u012fstatym\u0173 pa\u017eeidimai.<\/p>\n<p>UAB \u201eNEO GROUP\u201c informavimo sistema, be kit\u0105 ko, reglamentuoja s\u0105\u017einingumo, nekaltumo prezumpcijos, proporcingumo ir informatoriaus tapatyb\u0117s apsaugos principai. Gauta informacija bus tvarkoma u\u017etikrinant maksimal\u0173 konfidencialum\u0105.<\/p>\n<p>\u0160ia informavimo sistema gali naudotis darbuotojai, verslo partneriai ir kitos suinteresuotos tre\u010diosios \u0161alys. Jie gali prane\u0161ti apie nusi\u017eengimus ar pa\u017eeidimus pateiktais prane\u0161imo kanalais.<\/p>\n<hr \/>\n<p><strong>Prane\u0161imo kanalas, el. pa\u0161tu: <a href=\"mailto:whistleblower@neogroup.eu\">whistleblower@neogroup.eu<\/a><\/strong><\/p>\n<p><strong>Prane\u0161imo kanalas, lai\u0161ku, adresu:<\/strong><\/p>\n<p>UAB &#8222;NEO GROUP&#8221;<\/p>\n<p>Valdybos pirmininko d\u0117mesiui<\/p>\n<p>Industrijos g. 2, Rimkai,<\/p>\n<p>LT-95346 Klaip\u0117dos rajonas, Lietuva<\/p>\n<hr \/>\n<p>Visus prane\u0161imus ir informacij\u0105, gautus per informavimo kanal\u0105 <a href=\"mailto:whistleblower@neogroup.eu\">whistleblower@neogroup.eu<\/a>, gauna Grup\u0117s Vyriausiasis Teisininkas arba jie yra nedelsiamai persiun\u010diami jam, jeigu tokie prane\u0161imai ir informacija yra gaunami kitais prane\u0161im\u0173 kanalais.<\/p>\n<p>Kad Bendrov\u0117 gal\u0117t\u0173 veiksmingai \u012fvertinti ir i\u0161tirti prane\u0161imus, prane\u0161\u0117jai raginami pateikti i\u0161sam\u0173 problemos apra\u0161ym\u0105. Visi prane\u0161imai gali b\u016bti pateikiami anonimi\u0161kai, ta\u010diau prane\u0161\u0117jai raginami pateikti Bendrovei savo vardus ir kontaktinius duomenis (el. pa\u0161to adresas, telefono numeris), nes tai gali pad\u0117ti atliekant tyrim\u0105 ir leisti Bendrovei informuoti prane\u0161\u0117j\u0105 apie jo rezultatus.<\/p>\n<hr \/>\n<p>Jeigu Jus dominan\u010dios informacijos svetain\u0117je n\u0117ra, para\u0161ykite mums el. pa\u0161tu <a href=\"mailto:info@neogroup.eu\">info@neogroup.eu<\/a> ir mes atsakysime \u012f visus J\u016bs\u0173 klausimus.<\/p>\n","protected":false},"excerpt":{"rendered":"<p>D\u0117kojame Jums u\u017e sprendim\u0105 bendradarbiauti su NEO GROUP \u2013 mes b\u016bsime patikimas J\u016bs\u0173 verslo partneris, dirbantis kartu bendrai m\u016bs\u0173 s\u0117kmei. J\u016bs galite susipa\u017einti su informacija, skirta verslo partneriams. Taikoma sutartims, sudarytoms nuo 2026-02-02. BENDROSIOS PARDAVIMO S\u0104LYGOS (angl\u0173 k.) Taikoma sutartims, sudarytoms nuo 2023-12-18. BENDROSIOS PARDAVIMO S\u0104LYGOS (angl\u0173 k.) Taikoma sutartims, sudarytoms nuo 2020-11-18 iki 2023-12-17. [&hellip;]<\/p>\n","protected":false},"author":3,"featured_media":4140,"parent":0,"menu_order":19,"comment_status":"closed","ping_status":"closed","template":"","meta":{"_acf_changed":false,"footnotes":""},"class_list":["post-2028","page","type-page","status-publish","has-post-thumbnail","hentry"],"acf":[],"_links":{"self":[{"href":"https:\/\/neogroup.eu\/lt\/wp-json\/wp\/v2\/pages\/2028","targetHints":{"allow":["GET"]}}],"collection":[{"href":"https:\/\/neogroup.eu\/lt\/wp-json\/wp\/v2\/pages"}],"about":[{"href":"https:\/\/neogroup.eu\/lt\/wp-json\/wp\/v2\/types\/page"}],"author":[{"embeddable":true,"href":"https:\/\/neogroup.eu\/lt\/wp-json\/wp\/v2\/users\/3"}],"replies":[{"embeddable":true,"href":"https:\/\/neogroup.eu\/lt\/wp-json\/wp\/v2\/comments?post=2028"}],"version-history":[{"count":12,"href":"https:\/\/neogroup.eu\/lt\/wp-json\/wp\/v2\/pages\/2028\/revisions"}],"predecessor-version":[{"id":7234,"href":"https:\/\/neogroup.eu\/lt\/wp-json\/wp\/v2\/pages\/2028\/revisions\/7234"}],"wp:featuredmedia":[{"embeddable":true,"href":"https:\/\/neogroup.eu\/lt\/wp-json\/wp\/v2\/media\/4140"}],"wp:attachment":[{"href":"https:\/\/neogroup.eu\/lt\/wp-json\/wp\/v2\/media?parent=2028"}],"curies":[{"name":"wp","href":"https:\/\/api.w.org\/{rel}","templated":true}]}}