{"id":4982,"date":"2022-01-03T11:22:45","date_gmt":"2022-01-03T09:22:45","guid":{"rendered":"http:\/\/neogroup.eu\/projektai\/"},"modified":"2026-02-18T11:17:25","modified_gmt":"2026-02-18T09:17:25","slug":"projektai","status":"publish","type":"page","link":"https:\/\/neogroup.eu\/lt\/projektai\/","title":{"rendered":"Projektai-Pirkimai"},"content":{"rendered":"<p>Nuolatinis tobul\u0117jimas ir novatori\u0161kumas \u2013 tai vertyb\u0117s, leid\u017eian\u010dios mums i\u0161laikyti lyderio pozicijas savo srityje. UAB &#8222;NEO GROUP&#8221; vykdo modernizacijos program\u0105 ir kvie\u010dia susidom\u0117jusias bendroves prisid\u0117ti prie projekt\u0173, kuomet jie b\u016bna paskelbti.<\/p>\n","protected":false},"excerpt":{"rendered":"<p>Nuolatinis tobul\u0117jimas ir novatori\u0161kumas \u2013 tai vertyb\u0117s, leid\u017eian\u010dios mums i\u0161laikyti lyderio pozicijas savo srityje. UAB &#8222;NEO GROUP&#8221; vykdo modernizacijos program\u0105 ir kvie\u010dia susidom\u0117jusias bendroves prisid\u0117ti prie projekt\u0173, kuomet jie b\u016bna paskelbti.<\/p>\n","protected":false},"author":3,"featured_media":2519,"parent":0,"menu_order":7,"comment_status":"closed","ping_status":"closed","template":"page-projecs.php","meta":{"_acf_changed":false,"footnotes":""},"class_list":["post-4982","page","type-page","status-publish","has-post-thumbnail","hentry"],"acf":[],"_links":{"self":[{"href":"https:\/\/neogroup.eu\/lt\/wp-json\/wp\/v2\/pages\/4982","targetHints":{"allow":["GET"]}}],"collection":[{"href":"https:\/\/neogroup.eu\/lt\/wp-json\/wp\/v2\/pages"}],"about":[{"href":"https:\/\/neogroup.eu\/lt\/wp-json\/wp\/v2\/types\/page"}],"author":[{"embeddable":true,"href":"https:\/\/neogroup.eu\/lt\/wp-json\/wp\/v2\/users\/3"}],"replies":[{"embeddable":true,"href":"https:\/\/neogroup.eu\/lt\/wp-json\/wp\/v2\/comments?post=4982"}],"version-history":[{"count":1,"href":"https:\/\/neogroup.eu\/lt\/wp-json\/wp\/v2\/pages\/4982\/revisions"}],"predecessor-version":[{"id":7157,"href":"https:\/\/neogroup.eu\/lt\/wp-json\/wp\/v2\/pages\/4982\/revisions\/7157"}],"wp:featuredmedia":[{"embeddable":true,"href":"https:\/\/neogroup.eu\/lt\/wp-json\/wp\/v2\/media\/2519"}],"wp:attachment":[{"href":"https:\/\/neogroup.eu\/lt\/wp-json\/wp\/v2\/media?parent=4982"}],"curies":[{"name":"wp","href":"https:\/\/api.w.org\/{rel}","templated":true}]}}