{"id":5022,"date":"2022-01-03T15:09:20","date_gmt":"2022-01-03T13:09:20","guid":{"rendered":"http:\/\/neogroup.eu\/monitoringo-ataskaitos\/"},"modified":"2026-03-19T14:53:24","modified_gmt":"2026-03-19T12:53:24","slug":"monitoringo-ataskaitos","status":"publish","type":"page","link":"https:\/\/neogroup.eu\/lt\/monitoringo-ataskaitos\/","title":{"rendered":"Monitoringo ataskaitos"},"content":{"rendered":"<h1>UAB &#8222;NEO GROUP&#8221; metin\u0117s ir ketvirtin\u0117s monitoringo ataskaitos<\/h1>\n<div class=\"row-full\">\n<p><strong>2025 m. metin\u0117 <\/strong> aplinkosaugos monitoringo <a href=\"https:\/\/neogroup.eu\/wp-content\/uploads\/2026\/03\/2025-m.-metine-aplinkos-monitoringo-ataskaita.pdf\"><strong>ataskaita<\/strong><\/a><\/p>\n<p><strong>2025 m. IV ketv.<\/strong> i\u0161metam\u0173 ir i\u0161leid\u017eiam\u0173 ter\u0161al\u0173 monitoringo <a href=\"https:\/\/neogroup.eu\/wp-content\/uploads\/2026\/02\/2025-IV-ketv.-ismetamu-ir-isleidziamu-tersalu-monitoringo-ataskaita.pdf\"><strong>ataskaita<\/strong><\/a><\/p>\n<p><strong>2025 m. III ketv.<\/strong> i\u0161metam\u0173 ir i\u0161leid\u017eiam\u0173 ter\u0161al\u0173 monitoringo <a href=\"https:\/\/neogroup.eu\/wp-content\/uploads\/2026\/02\/2025-III-ketv.-ismetamu-ir-isleidziamu-tersalu-monitoringo-ataskaita.pdf\"><strong>ataskaita<\/strong><\/a><\/p>\n<p><strong>2025 m. II ketv.<\/strong> i\u0161metam\u0173 ir i\u0161leid\u017eiam\u0173 ter\u0161al\u0173 monitoringo <a href=\"https:\/\/neogroup.eu\/wp-content\/uploads\/2025\/09\/2025-II-ketv.-ismetamu-ir-isleidziamu-tersalu-monitoringo-ataskaita.pdf\"><strong>ataskaita<\/strong><\/a><\/p>\n<p><strong>2025 m. I ketv.<\/strong> i\u0161metam\u0173 ir i\u0161leid\u017eiam\u0173 ter\u0161al\u0173 monitoringo <a href=\"https:\/\/neogroup.eu\/wp-content\/uploads\/2025\/05\/2025-I-ketv.-ismetamu-ir-isleidziamu-tersalu-monitoringo-ataskaita.pdf\"><strong>ataskaita<\/strong><\/a><\/p>\n<p><strong>2024 m. metin\u0117 <\/strong> aplinkosaugos monitoringo <a href=\"https:\/\/neogroup.eu\/wp-content\/uploads\/2026\/03\/2024-m.-metine-aplinkos-monitoringo-ataskaita.pdf\"><strong>ataskaita<\/strong><\/a><\/p>\n<p><strong>2024 m. IV ketv.<\/strong> i\u0161metam\u0173 ir i\u0161leid\u017eiam\u0173 ter\u0161al\u0173 monitoringo <a href=\"https:\/\/neogroup.eu\/wp-content\/uploads\/2025\/01\/2024-IV-ketv.-ismetamu-ir-isleidziamu-tersalu-monitoringo-ataskaita.pdf\"><strong>ataskaita<\/strong><\/a><\/p>\n<p><strong>2024 m. III ketv.<\/strong> i\u0161metam\u0173 ir i\u0161leid\u017eiam\u0173 ter\u0161al\u0173 monitoringo <a href=\"https:\/\/neogroup.eu\/wp-content\/uploads\/2024\/10\/2024-III-ketv.-ismetamu-ir-isleidziamu-tersalu-monitoringo-ataskaita.pdf\"><strong>ataskaita<\/strong><\/a><\/p>\n<p><strong>2024 m. II ketv.<\/strong> i\u0161metam\u0173 ir i\u0161leid\u017eiam\u0173 ter\u0161al\u0173 monitoringo <a href=\"https:\/\/neogroup.eu\/wp-content\/uploads\/2024\/07\/2024-II-ketv.-ismetamu-ir-isleidziamu-tersalu-monitoringo-ataskaita.pdf\"><strong>ataskaita<\/strong><\/a><\/p>\n<p><strong>2024 m. I ketv.<\/strong> i\u0161metam\u0173 ir i\u0161leid\u017eiam\u0173 ter\u0161al\u0173 monitoringo <a href=\"https:\/\/neogroup.eu\/wp-content\/uploads\/2024\/07\/2024-I-ketv.-ismetamu-ir-isleidziamu-tersalu-monitoringo-ataskaita.pdf\"><strong>ataskaita<\/strong><\/a><\/p>\n<p><strong>2023 m. metin\u0117 <\/strong> aplinkosaugos monitoringo <a href=\"https:\/\/neogroup.eu\/wp-content\/uploads\/2026\/03\/2023-m.-metine-aplinkos-monitoringo-ataskaita.pdf\n\"><strong>ataskaita<\/strong><\/a><\/p>\n<p><strong>2023 m. IV ketv.<\/strong> i\u0161metam\u0173 ir i\u0161leid\u017eiam\u0173 ter\u0161al\u0173 monitoringo <a href=\"https:\/\/neogroup.eu\/wp-content\/uploads\/2024\/01\/2023-IV-ketv.-ismetamu-ir-isleidziamu-tersalu-monitoringo-ataskaita.pdf\"><strong>ataskaita<\/strong><\/a><\/p>\n<p><strong>2023 m. III ketv.<\/strong> i\u0161metam\u0173 ir i\u0161leid\u017eiam\u0173 ter\u0161al\u0173 monitoringo <a href=\"https:\/\/neogroup.eu\/wp-content\/uploads\/2023\/10\/2023-III-ketv.-ismetamu-ir-isleidziamu-tersalu-monitoringo-ataskaita.pdf\"><strong>ataskaita<\/strong><\/a><\/p>\n<p><strong>2023 m. II ketv.<\/strong> i\u0161metam\u0173 ir i\u0161leid\u017eiam\u0173 ter\u0161al\u0173 monitoringo <a href=\"https:\/\/neogroup.eu\/wp-content\/uploads\/2023\/10\/2023-II-ketv.-ismetamu-ir-isleidziamu-tersalu-monitoringo-ataskaita-1.pdf\"><strong>ataskaita<\/strong><\/a><\/p>\n<p><strong>2023 m. I ketv.<\/strong> i\u0161metam\u0173 ir i\u0161leid\u017eiam\u0173 ter\u0161al\u0173 monitoringo <a href=\"https:\/\/neogroup.eu\/wp-content\/uploads\/2023\/06\/2023-I-ketv.-ismetamu-ir-isleidziamu-tersalu-monitoringo-ataskaita.pdf\"><strong>ataskaita<\/strong><\/a><\/p>\n<p><strong>2022 m. metin\u0117<\/strong> aplinkosaugos monitoringo <a href=\"https:\/\/neogroup.eu\/wp-content\/uploads\/2023\/06\/Aplinkos-monitoringo-ataskaita-2022.pdf\"><strong>ataskaita<\/strong><\/a><\/p>\n<p><strong>2022 m. IV ketv.<\/strong> i\u0161metam\u0173 ir i\u0161leid\u017eiam\u0173 ter\u0161al\u0173 monitoringo <a href=\"https:\/\/neogroup.eu\/wp-content\/uploads\/2023\/01\/2022-4-ketv.-nuoteku-ir-stacionariu-ts-monitoringas.pdf\"><strong>ataskaita<\/strong><\/a><\/p>\n<p><strong>2022 m. III ketv.<\/strong> i\u0161metam\u0173 ir i\u0161leid\u017eiam\u0173 ter\u0161al\u0173 monitoringo <a href=\"https:\/\/neogroup.eu\/wp-content\/uploads\/2023\/01\/2022-3-ketv.-nuoteku-ir-stacionariu-ts-monitoringas.pdf\"><strong>ataskaita<\/strong><\/a><\/p>\n<p><strong>2022 m. II ketv.<\/strong> i\u0161metam\u0173 ir i\u0161leid\u017eiam\u0173 ter\u0161al\u0173 monitoringo <a href=\"https:\/\/neogroup.eu\/wp-content\/uploads\/2023\/01\/2022-2-ketv.-nuoteku-ir-stacionariu-ts-monitoringas.pdf\"><strong>ataskaita<\/strong><\/a><\/p>\n<p><strong>2022 m. I ketv.<\/strong> i\u0161metam\u0173 ir i\u0161leid\u017eiam\u0173 ter\u0161al\u0173 monitoringo <a href=\"https:\/\/neogroup.eu\/wp-content\/uploads\/2022\/04\/2022-1-ketv.-nuoteku-ir-stacionariu-ts-monitoringas.pdf\"><strong>ataskaita<\/strong><\/a><\/p>\n<p><strong>2021 m. IV ketv.<\/strong> i\u0161metam\u0173 ir i\u0161leid\u017eiam\u0173 ter\u0161al\u0173 monitoringo <a href=\"hhttps:\/\/neogroup.eu\/wp-content\/uploads\/2022\/01\/2021-IV-ketv.-nuoteku-ir-stacionariu-monitoringas.pdf\"><strong>ataskaita<\/strong><\/a><\/p>\n<p><strong>2021 m. III ketv.<\/strong> i\u0161metam\u0173 ir i\u0161leid\u017eiam\u0173 ter\u0161al\u0173 monitoringo<\/p>\n<p><strong>ataskaita<\/strong><\/p>\n<p><strong>2021 m. II ketv.<\/strong> i\u0161metam\u0173 ir i\u0161leid\u017eiam\u0173 ter\u0161al\u0173 monitoringo <a href=\"http:\/\/neogroup.eu\/wp-content\/uploads\/2021\/10\/2021-II-ketv.-nuotek\u0173-ir-stacionari\u0173-monitoringas.pdf\"><strong>ataskaita<\/strong><\/a><\/p>\n<p><strong>2021 m. I ketv.<\/strong> i\u0161metam\u0173 ir i\u0161leid\u017eiam\u0173 ter\u0161al\u0173 monitoringo <a href=\"http:\/\/neogroup.eu\/wp-content\/uploads\/2021\/06\/2021-1Q-monitoringas.pdf\"><strong>ataskaita<\/strong><\/a><\/p>\n<p><strong>2020 m. metin\u0117<\/strong> aplinkos monitoringo <a href=\"http:\/\/neogroup.eu\/wp-content\/uploads\/2021\/06\/Aplinkos-monitoringo-ataskaita-2020.pdf\"><strong>ataskaita<\/strong><\/a><\/p>\n<p><strong>2020 m. IV ketv.<\/strong> i\u0161metam\u0173 ir i\u0161leid\u017eiam\u0173 ter\u0161al\u0173 monitoringo <a href=\"http:\/\/neogroup.eu\/wp-content\/uploads\/2021\/06\/2020-4Q-monitoringas.pdf\"><strong>ataskaita<\/strong><\/a><\/p>\n<\/div>\n<p><strong>2020 m. III ketv.<\/strong> i\u0161metam\u0173 ir i\u0161leid\u017eiam\u0173 ter\u0161al\u0173 monitoringo <a href=\"http:\/\/neogroup.eu\/wp-content\/uploads\/2021\/06\/2020-3Q-monitoringas.pdf\"><strong>ataskaita<\/strong><\/a><\/p>\n<p><strong>2020 m. II ketv.<\/strong> i\u0161metam\u0173 ir i\u0161leid\u017eiam\u0173 ter\u0161al\u0173 monitoringo <a href=\"http:\/\/neogroup.eu\/wp-content\/uploads\/2021\/06\/2020-2Q-monitoringas.pdf\"><strong>ataskaita<\/strong><\/a><\/p>\n<p><strong>2020 m. I ketv.<\/strong> i\u0161metam\u0173 ir i\u0161leid\u017eiam\u0173 ter\u0161al\u0173 monitoringo <a href=\"http:\/\/neogroup.eu\/wp-content\/uploads\/2021\/06\/2020-1Q-monitoringas.pdf\"><strong>ataskaita<\/strong><\/a><\/p>\n","protected":false},"excerpt":{"rendered":"<p>UAB &#8222;NEO GROUP&#8221; metin\u0117s ir ketvirtin\u0117s monitoringo ataskaitos 2025 m. metin\u0117 aplinkosaugos monitoringo ataskaita 2025 m. IV ketv. i\u0161metam\u0173 ir i\u0161leid\u017eiam\u0173 ter\u0161al\u0173 monitoringo ataskaita 2025 m. III ketv. i\u0161metam\u0173 ir i\u0161leid\u017eiam\u0173 ter\u0161al\u0173 monitoringo ataskaita 2025 m. II ketv. i\u0161metam\u0173 ir i\u0161leid\u017eiam\u0173 ter\u0161al\u0173 monitoringo ataskaita 2025 m. I ketv. i\u0161metam\u0173 ir i\u0161leid\u017eiam\u0173 ter\u0161al\u0173 monitoringo ataskaita 2024 [&hellip;]<\/p>\n","protected":false},"author":3,"featured_media":3534,"parent":0,"menu_order":17,"comment_status":"closed","ping_status":"closed","template":"","meta":{"_acf_changed":false,"footnotes":""},"class_list":["post-5022","page","type-page","status-publish","has-post-thumbnail","hentry"],"acf":[],"_links":{"self":[{"href":"https:\/\/neogroup.eu\/lt\/wp-json\/wp\/v2\/pages\/5022","targetHints":{"allow":["GET"]}}],"collection":[{"href":"https:\/\/neogroup.eu\/lt\/wp-json\/wp\/v2\/pages"}],"about":[{"href":"https:\/\/neogroup.eu\/lt\/wp-json\/wp\/v2\/types\/page"}],"author":[{"embeddable":true,"href":"https:\/\/neogroup.eu\/lt\/wp-json\/wp\/v2\/users\/3"}],"replies":[{"embeddable":true,"href":"https:\/\/neogroup.eu\/lt\/wp-json\/wp\/v2\/comments?post=5022"}],"version-history":[{"count":17,"href":"https:\/\/neogroup.eu\/lt\/wp-json\/wp\/v2\/pages\/5022\/revisions"}],"predecessor-version":[{"id":7216,"href":"https:\/\/neogroup.eu\/lt\/wp-json\/wp\/v2\/pages\/5022\/revisions\/7216"}],"wp:featuredmedia":[{"embeddable":true,"href":"https:\/\/neogroup.eu\/lt\/wp-json\/wp\/v2\/media\/3534"}],"wp:attachment":[{"href":"https:\/\/neogroup.eu\/lt\/wp-json\/wp\/v2\/media?parent=5022"}],"curies":[{"name":"wp","href":"https:\/\/api.w.org\/{rel}","templated":true}]}}