{"id":5449,"date":"2022-02-23T16:29:11","date_gmt":"2022-02-23T14:29:11","guid":{"rendered":"https:\/\/neogroup.eu\/monitoringo-ataskaitos-3\/"},"modified":"2022-03-29T08:46:39","modified_gmt":"2022-03-29T06:46:39","slug":"pirkimai","status":"publish","type":"page","link":"https:\/\/neogroup.eu\/lt\/pirkimai\/","title":{"rendered":"Pirkim\u0173 konkursai"},"content":{"rendered":"<h1>Pilnai \u012frengtos ir veikian\u010dios 500kW saul\u0117s elektrin\u0117s pirkimo konkurso s\u0105lygos ir susij\u0119 dokumentai<\/h1>\n<p>Kvie\u010diame dalyvauti 20 MW biokuro katilin\u0117s pirkimo konkurse. Visi susij\u0119 pirkimo dokumentai \u2013 \u017eemiau.<\/p>\n<p><strong>2022-03-08<\/strong>\u00a0<a href=\"https:\/\/neogroup.eu\/wp-content\/uploads\/2022\/03\/NEO-GROUP-Pirkimu-salygos-500kW.pdf\" target=\"_blank\" rel=\"noopener\"><strong>Konkurso s\u0105lygos ir technin\u0117 specifikacija<\/strong><\/a><\/p>\n<p><strong>2022-03-08<\/strong>\u00a0<a href=\"https:\/\/neogroup.eu\/wp-content\/uploads\/2022\/03\/Priedai-pasiulymai.docx\" target=\"_blank\" rel=\"noopener\"><strong>Priedai-formos (word formatu)<\/strong><\/a><\/p>\n<h1>Pilnai \u012frengtos ir veikian\u010dios 20MW biokuro katilin\u0117s pirkimo konkurso s\u0105lygos ir susij\u0119 dokumentai<\/h1>\n<div class=\"row-full\">\n<p>Kvie\u010diame dalyvauti 20 MW biokuro katilin\u0117s pirkimo konkurse. Visi susij\u0119 pirkimo dokumentai \u2013 \u017eemiau.<\/p>\n<p><strong>2022-02-24<\/strong>\u00a0<a href=\"https:\/\/neogroup.eu\/wp-content\/uploads\/2022\/02\/NEO-GROUP-Pirkimu-salygos-20MW.pdf\" target=\"_blank\" rel=\"noopener\"><strong>Konkurso s\u0105lygos ir technin\u0117 specifikacija<\/strong><\/a><\/p>\n<p><strong>2022-02-24<\/strong>\u00a0<a href=\"https:\/\/neogroup.eu\/wp-content\/uploads\/2022\/02\/Pasiulymo-formos.docx\" target=\"_blank\" rel=\"noopener\"><strong>Priedai-formos (word formatu)<\/strong><\/a><\/p>\n<p>Technin\u0117s specifikacijos priedai:<\/p>\n<p>Priedas Nr.1 <a href=\"https:\/\/neogroup.eu\/wp-content\/uploads\/2022\/02\/Priedelis_Nr1_Zemes-plotas-20MW-Biokuro-katilinei-1.pdf\" target=\"_blank\" rel=\"noopener\"><strong>\u017dem\u0117s plotas<\/strong><\/a><\/p>\n<p>Priedas Nr.1.1 <a href=\"https:\/\/neogroup.eu\/wp-content\/uploads\/2022\/02\/Priedelis_Nr1_1_UAB-NEOGROUP-pastatu-isdestymo-planas.pdf\" target=\"_blank\" rel=\"noopener\"><strong>UAB NEO GROUP pastat\u0173 i\u0161d\u0117stymo planas<\/strong><\/a><\/p>\n<p>Priedas Nr.2 <a href=\"https:\/\/neogroup.eu\/wp-content\/uploads\/2022\/02\/Priedelis_Nr_2_Tinklu-prisijungimo-vietos.docx\" target=\"_blank\" rel=\"noopener\"><strong>Tinkl\u0173 prisijungimo vietos<\/strong><\/a><\/p>\n<p>Priedas Nr.3 <a href=\"https:\/\/neogroup.eu\/wp-content\/uploads\/2022\/02\/Priedelis_Nr_3_Vietos-toponuotrauka.pdf\" target=\"_blank\" rel=\"noopener\"><strong>Vietos topo-nuotrauka<\/strong><\/a><\/p>\n<p>Priedas Nr.4 <a href=\"https:\/\/neogroup.eu\/wp-content\/uploads\/2022\/02\/Priedelis_Nr_4_Situacijos-schema.jpg\" target=\"_blank\" rel=\"noopener\"><strong>Situacijos schema<\/strong><\/a><\/p>\n<p>Priedas Nr.5.1 <a href=\"https:\/\/neogroup.eu\/wp-content\/uploads\/2022\/02\/Priedelis_Nr_5_1_Esama-termoalyvos-principine-technologine-schema.pdf\" target=\"_blank\" rel=\"noopener\"><strong>Esama termoalyvos principin\u0117-technologin\u0117 schema<\/strong><\/a><\/p>\n<p>Priedas Nr.5.2 <a href=\"https:\/\/neogroup.eu\/wp-content\/uploads\/2022\/02\/Priedelis_Nr_5_2_Perspektyvine-termoalyvos-principine-technologine-schema.pdf\" target=\"_blank\" rel=\"noopener\"><strong>Perspektyvin\u0117 termoalyvos principin\u0117-technologin\u0117 schema<\/strong><\/a><\/p>\n<p>Priedas Nr.6 <a href=\"https:\/\/neogroup.eu\/wp-content\/uploads\/2022\/02\/Priedelis_Nr_6_Termoalyvos-pasijungimo-i-esama-sistema-vieta-aerofoto.jpg\" target=\"_blank\" rel=\"noopener\"><strong>Termoalyvos pasijungimo \u012f esam\u0105 sistem\u0105 vieta (aerofoto)<\/strong><\/a><\/p>\n<p>Priedas Nr.7 <a href=\"https:\/\/neogroup.eu\/wp-content\/uploads\/2022\/02\/Priedelis_7_Termoalyvos-specifikacija.pdf\" target=\"_blank\" rel=\"noopener\"><strong>Termoalyvos specifikacija<\/strong><\/a><\/p>\n<p>Priedas Nr.8 <a href=\"https:\/\/neogroup.eu\/wp-content\/uploads\/2022\/02\/Priedelis_Nr_8_LOJ-emisiju-i-aplinkos-ora-katalitinio-deginimo-schema.pdf\" target=\"_blank\" rel=\"noopener\"><strong>LOJ emisij\u0173 \u012f aplinkos or\u0105 katalitinio deginimo schema<\/strong><\/a><\/p>\n<p>Priedas Nr.8.1 <a href=\"https:\/\/neogroup.eu\/wp-content\/uploads\/2022\/02\/Priedelis_Nr_8_1_LOJ-emisiju-i-aplinkos-ora-katalitinio-utilizavimo-aprasymas.pdf\" target=\"_blank\" rel=\"noopener\"><strong>LOJ emisij\u0173 \u012f aplinkos or\u0105 katalitinio deginimo utilizavimo apra\u0161ymas<\/strong><\/a><\/p>\n<p>Priedas Nr.9 <a href=\"https:\/\/neogroup.eu\/wp-content\/uploads\/2022\/02\/Priedelis_Nr_9_Esamos-LOJ-emisijos-paduodamos-sudeginimui-i-dujinius-katilus.pdf\" target=\"_blank\" rel=\"noopener\"><strong>Esamos LOJ emisijos paduodamos sudeginimui \u012f dujinius katilus<\/strong><\/a><\/p>\n<p>Papildomi dokumentai:<\/p>\n<p>2022-03-08 <a href=\"https:\/\/neogroup.eu\/wp-content\/uploads\/2022\/03\/Atsakymai-i-tiekeju-klausimus-2022-03-08.pdf\"><strong>Atsakymai \u012f tiek\u0117j\u0173 klausimus<\/strong><\/a><\/p>\n<p>2022-03-17 <strong><a href=\"https:\/\/neogroup.eu\/wp-content\/uploads\/2022\/03\/Atsakymai-i-tiekeju-klausimus-2022-03-17.pdf\">Atsakymai \u012f tiek\u0117j\u0173 klausimus<\/a><\/strong><\/p>\n<p>2022-03-21 <strong><a href=\"https:\/\/neogroup.eu\/wp-content\/uploads\/2022\/03\/Atsakymai-i-tiekeju-klausimus-2022-03-21.pdf\">Atsakymai \u012f tiek\u0117j\u0173 klausimus<\/a><\/strong><\/p>\n<p>2022-03-28 <strong><a href=\"https:\/\/neogroup.eu\/wp-content\/uploads\/2022\/03\/Atsakymai-i-tiekeju-klausimus-2022-03-28.pdf\">Atsakymai \u012f tiek\u0117j\u0173 klausimus<\/a><\/strong><\/p>\n<p><em>Kilus klausimams, kreipkit\u0117s \u012f Mokym\u0173 ir vystymo specialist\u0119 Dit\u0119 Norvil\u0119 el. pa\u0161tu <a href=\"mailto:dite.norvile@neogroup.eu\">dite.norvile@neogroup.eu<\/a>\u00a0<\/em><\/p>\n<\/div>\n<p>&nbsp;<\/p>\n","protected":false},"excerpt":{"rendered":"<p>Pilnai \u012frengtos ir veikian\u010dios 500kW saul\u0117s elektrin\u0117s pirkimo konkurso s\u0105lygos ir susij\u0119 dokumentai Kvie\u010diame dalyvauti 20 MW biokuro katilin\u0117s pirkimo konkurse. Visi susij\u0119 pirkimo dokumentai \u2013 \u017eemiau. 2022-03-08\u00a0Konkurso s\u0105lygos ir technin\u0117 specifikacija 2022-03-08\u00a0Priedai-formos (word formatu) Pilnai \u012frengtos ir veikian\u010dios 20MW biokuro katilin\u0117s pirkimo konkurso s\u0105lygos ir susij\u0119 dokumentai Kvie\u010diame dalyvauti 20 MW biokuro katilin\u0117s pirkimo [&hellip;]<\/p>\n","protected":false},"author":3,"featured_media":5455,"parent":0,"menu_order":16,"comment_status":"closed","ping_status":"closed","template":"","meta":{"_acf_changed":false,"footnotes":""},"class_list":["post-5449","page","type-page","status-publish","has-post-thumbnail","hentry"],"acf":[],"_links":{"self":[{"href":"https:\/\/neogroup.eu\/lt\/wp-json\/wp\/v2\/pages\/5449","targetHints":{"allow":["GET"]}}],"collection":[{"href":"https:\/\/neogroup.eu\/lt\/wp-json\/wp\/v2\/pages"}],"about":[{"href":"https:\/\/neogroup.eu\/lt\/wp-json\/wp\/v2\/types\/page"}],"author":[{"embeddable":true,"href":"https:\/\/neogroup.eu\/lt\/wp-json\/wp\/v2\/users\/3"}],"replies":[{"embeddable":true,"href":"https:\/\/neogroup.eu\/lt\/wp-json\/wp\/v2\/comments?post=5449"}],"version-history":[{"count":0,"href":"https:\/\/neogroup.eu\/lt\/wp-json\/wp\/v2\/pages\/5449\/revisions"}],"wp:featuredmedia":[{"embeddable":true,"href":"https:\/\/neogroup.eu\/lt\/wp-json\/wp\/v2\/media\/5455"}],"wp:attachment":[{"href":"https:\/\/neogroup.eu\/lt\/wp-json\/wp\/v2\/media?parent=5449"}],"curies":[{"name":"wp","href":"https:\/\/api.w.org\/{rel}","templated":true}]}}