{"id":1894,"date":"2017-07-19T12:48:08","date_gmt":"2017-07-19T10:48:08","guid":{"rendered":"http:\/\/neogroup.eu\/miejsce-lokalizacji\/"},"modified":"2022-01-04T16:35:31","modified_gmt":"2022-01-04T14:35:31","slug":"miejsce-lokalizacji","status":"publish","type":"page","link":"https:\/\/neogroup.eu\/pl\/miejsce-lokalizacji\/","title":{"rendered":"Miejsce lokalizacji"},"content":{"rendered":"<p>NEO GROUP znajduje si\u0119 w Wolnej Strefie Ekonomicznej (WSE) w K\u0142ajpedzie. Jest to najszybciej rozwijaj\u0105cy si\u0119 region, a wolna strefa ekonomiczna stwarza korzystne warunki dla inwestycji, tworzenia strategicznej infrastruktury i rozwoju produkcji.<\/p>\n","protected":false},"excerpt":{"rendered":"<p>NEO GROUP znajduje si\u0119 w Wolnej Strefie Ekonomicznej (WSE) w K\u0142ajpedzie. Jest to najszybciej rozwijaj\u0105cy si\u0119 region, a wolna strefa ekonomiczna stwarza korzystne warunki dla inwestycji, tworzenia strategicznej infrastruktury i rozwoju produkcji.<\/p>\n","protected":false},"author":3,"featured_media":2310,"parent":0,"menu_order":114,"comment_status":"closed","ping_status":"closed","template":"page-location.php","meta":{"_acf_changed":false,"footnotes":""},"class_list":["post-1894","page","type-page","status-publish","has-post-thumbnail","hentry"],"acf":[],"_links":{"self":[{"href":"https:\/\/neogroup.eu\/pl\/wp-json\/wp\/v2\/pages\/1894","targetHints":{"allow":["GET"]}}],"collection":[{"href":"https:\/\/neogroup.eu\/pl\/wp-json\/wp\/v2\/pages"}],"about":[{"href":"https:\/\/neogroup.eu\/pl\/wp-json\/wp\/v2\/types\/page"}],"author":[{"embeddable":true,"href":"https:\/\/neogroup.eu\/pl\/wp-json\/wp\/v2\/users\/3"}],"replies":[{"embeddable":true,"href":"https:\/\/neogroup.eu\/pl\/wp-json\/wp\/v2\/comments?post=1894"}],"version-history":[{"count":0,"href":"https:\/\/neogroup.eu\/pl\/wp-json\/wp\/v2\/pages\/1894\/revisions"}],"wp:featuredmedia":[{"embeddable":true,"href":"https:\/\/neogroup.eu\/pl\/wp-json\/wp\/v2\/media\/2310"}],"wp:attachment":[{"href":"https:\/\/neogroup.eu\/pl\/wp-json\/wp\/v2\/media?parent=1894"}],"curies":[{"name":"wp","href":"https:\/\/api.w.org\/{rel}","templated":true}]}}