{"id":1901,"date":"2017-07-19T12:48:18","date_gmt":"2017-07-19T10:48:18","guid":{"rendered":"http:\/\/neogroup.eu\/produkty\/"},"modified":"2023-01-27T15:08:36","modified_gmt":"2023-01-27T13:08:36","slug":"produkty","status":"publish","type":"page","link":"https:\/\/neogroup.eu\/pl\/produkty\/","title":{"rendered":"Produkty"},"content":{"rendered":"<p>Linia produkt\u00f3w NEO GROUP obejmuje kilka wysokiej jako\u015bci produkt\u00f3w, takich jak granulat politereftalan etylenu (PET) i poliole.<\/p>\n","protected":false},"excerpt":{"rendered":"<p>Linia produkt\u00f3w NEO GROUP obejmuje kilka wysokiej jako\u015bci produkt\u00f3w, takich jak granulat politereftalan etylenu (PET) i poliole.<\/p>\n","protected":false},"author":3,"featured_media":2340,"parent":0,"menu_order":126,"comment_status":"closed","ping_status":"closed","template":"page-products.php","meta":{"_acf_changed":false,"footnotes":""},"class_list":["post-1901","page","type-page","status-publish","has-post-thumbnail","hentry"],"acf":[],"_links":{"self":[{"href":"https:\/\/neogroup.eu\/pl\/wp-json\/wp\/v2\/pages\/1901","targetHints":{"allow":["GET"]}}],"collection":[{"href":"https:\/\/neogroup.eu\/pl\/wp-json\/wp\/v2\/pages"}],"about":[{"href":"https:\/\/neogroup.eu\/pl\/wp-json\/wp\/v2\/types\/page"}],"author":[{"embeddable":true,"href":"https:\/\/neogroup.eu\/pl\/wp-json\/wp\/v2\/users\/3"}],"replies":[{"embeddable":true,"href":"https:\/\/neogroup.eu\/pl\/wp-json\/wp\/v2\/comments?post=1901"}],"version-history":[{"count":0,"href":"https:\/\/neogroup.eu\/pl\/wp-json\/wp\/v2\/pages\/1901\/revisions"}],"wp:featuredmedia":[{"embeddable":true,"href":"https:\/\/neogroup.eu\/pl\/wp-json\/wp\/v2\/media\/2340"}],"wp:attachment":[{"href":"https:\/\/neogroup.eu\/pl\/wp-json\/wp\/v2\/media?parent=1901"}],"curies":[{"name":"wp","href":"https:\/\/api.w.org\/{rel}","templated":true}]}}