{"id":1908,"date":"2017-07-19T12:48:31","date_gmt":"2017-07-19T10:48:31","guid":{"rendered":"http:\/\/neogroup.eu\/zrownowazony-rozwoj\/"},"modified":"2025-04-03T14:54:40","modified_gmt":"2025-04-03T12:54:40","slug":"zrownowazony-rozwoj","status":"publish","type":"page","link":"https:\/\/neogroup.eu\/pl\/zrownowazony-rozwoj\/","title":{"rendered":"Zr\u00f3wnowa\u017cony rozw\u00f3j"},"content":{"rendered":"<p>Zr\u00f3wnowa\u017cony rozw\u00f3j jest i b\u0119dzie integraln\u0105 cz\u0119\u015bci\u0105 dzia\u0142alno\u015bci NEO GROUP. Nieustannie d\u0105\u017cymy do ograniczenia wp\u0142ywu na \u015brodowisko, kt\u00f3re wywiera nasza dzia\u0142alno\u015b\u0107 produkcyjna, dzia\u0142ania w zakresie magazynowania, transportu i ponownego wykorzystania. Nieustannie analizujemy wp\u0142yw na \u015brodowisko jaki wywieraj\u0105 wszystkie procesy naszej dzia\u0142alno\u015bci, dzi\u0119ki czemu mo\u017cemy by\u0107 pewni, \u017ce dzia\u0142amy maksymalnie wydajnie i odpowiedzialnie.<\/p>\n","protected":false},"excerpt":{"rendered":"<p>Zr\u00f3wnowa\u017cony rozw\u00f3j jest i b\u0119dzie integraln\u0105 cz\u0119\u015bci\u0105 dzia\u0142alno\u015bci NEO GROUP. Nieustannie d\u0105\u017cymy do ograniczenia wp\u0142ywu na \u015brodowisko, kt\u00f3re wywiera nasza dzia\u0142alno\u015b\u0107 produkcyjna, dzia\u0142ania w zakresie magazynowania, transportu i ponownego wykorzystania. Nieustannie analizujemy wp\u0142yw na \u015brodowisko jaki wywieraj\u0105 wszystkie procesy naszej dzia\u0142alno\u015bci, dzi\u0119ki czemu mo\u017cemy by\u0107 pewni, \u017ce dzia\u0142amy maksymalnie wydajnie i odpowiedzialnie.<\/p>\n","protected":false},"author":3,"featured_media":2520,"parent":0,"menu_order":133,"comment_status":"closed","ping_status":"closed","template":"page-sustainability.php","meta":{"_acf_changed":false,"footnotes":""},"class_list":["post-1908","page","type-page","status-publish","has-post-thumbnail","hentry"],"acf":[],"_links":{"self":[{"href":"https:\/\/neogroup.eu\/pl\/wp-json\/wp\/v2\/pages\/1908","targetHints":{"allow":["GET"]}}],"collection":[{"href":"https:\/\/neogroup.eu\/pl\/wp-json\/wp\/v2\/pages"}],"about":[{"href":"https:\/\/neogroup.eu\/pl\/wp-json\/wp\/v2\/types\/page"}],"author":[{"embeddable":true,"href":"https:\/\/neogroup.eu\/pl\/wp-json\/wp\/v2\/users\/3"}],"replies":[{"embeddable":true,"href":"https:\/\/neogroup.eu\/pl\/wp-json\/wp\/v2\/comments?post=1908"}],"version-history":[{"count":1,"href":"https:\/\/neogroup.eu\/pl\/wp-json\/wp\/v2\/pages\/1908\/revisions"}],"predecessor-version":[{"id":6534,"href":"https:\/\/neogroup.eu\/pl\/wp-json\/wp\/v2\/pages\/1908\/revisions\/6534"}],"wp:featuredmedia":[{"embeddable":true,"href":"https:\/\/neogroup.eu\/pl\/wp-json\/wp\/v2\/media\/2520"}],"wp:attachment":[{"href":"https:\/\/neogroup.eu\/pl\/wp-json\/wp\/v2\/media?parent=1908"}],"curies":[{"name":"wp","href":"https:\/\/api.w.org\/{rel}","templated":true}]}}