{"id":1915,"date":"2017-07-19T12:48:47","date_gmt":"2017-07-19T10:48:47","guid":{"rendered":"http:\/\/neogroup.eu\/kariera\/"},"modified":"2022-01-03T18:03:11","modified_gmt":"2022-01-03T16:03:11","slug":"kariera","status":"publish","type":"page","link":"https:\/\/neogroup.eu\/pl\/kariera\/","title":{"rendered":"Kariera"},"content":{"rendered":"<p>NEO GROUP oferuje swoim pracownikom mo\u017cliwo\u015bci rozwoju zawodowego. Przywi\u0105zujemy du\u017c\u0105 uwag\u0119 do rozwoju zawodowego i osobistego naszych pracownik\u00f3w, poniewa\u017c wiemy, \u017ce zwi\u0119ksza to nasz\u0105 przewag\u0119 konkurencyjn\u0105.<\/p>\n","protected":false},"excerpt":{"rendered":"<p>NEO GROUP oferuje swoim pracownikom mo\u017cliwo\u015bci rozwoju zawodowego. Przywi\u0105zujemy du\u017c\u0105 uwag\u0119 do rozwoju zawodowego i osobistego naszych pracownik\u00f3w, poniewa\u017c wiemy, \u017ce zwi\u0119ksza to nasz\u0105 przewag\u0119 konkurencyjn\u0105.<\/p>\n","protected":false},"author":3,"featured_media":2430,"parent":0,"menu_order":73,"comment_status":"closed","ping_status":"closed","template":"page-careers.php","meta":{"_acf_changed":false,"footnotes":""},"class_list":["post-1915","page","type-page","status-publish","has-post-thumbnail","hentry"],"acf":[],"_links":{"self":[{"href":"https:\/\/neogroup.eu\/pl\/wp-json\/wp\/v2\/pages\/1915","targetHints":{"allow":["GET"]}}],"collection":[{"href":"https:\/\/neogroup.eu\/pl\/wp-json\/wp\/v2\/pages"}],"about":[{"href":"https:\/\/neogroup.eu\/pl\/wp-json\/wp\/v2\/types\/page"}],"author":[{"embeddable":true,"href":"https:\/\/neogroup.eu\/pl\/wp-json\/wp\/v2\/users\/3"}],"replies":[{"embeddable":true,"href":"https:\/\/neogroup.eu\/pl\/wp-json\/wp\/v2\/comments?post=1915"}],"version-history":[{"count":0,"href":"https:\/\/neogroup.eu\/pl\/wp-json\/wp\/v2\/pages\/1915\/revisions"}],"wp:featuredmedia":[{"embeddable":true,"href":"https:\/\/neogroup.eu\/pl\/wp-json\/wp\/v2\/media\/2430"}],"wp:attachment":[{"href":"https:\/\/neogroup.eu\/pl\/wp-json\/wp\/v2\/media?parent=1915"}],"curies":[{"name":"wp","href":"https:\/\/api.w.org\/{rel}","templated":true}]}}