{"id":1987,"date":"2017-09-11T14:17:12","date_gmt":"2017-09-11T12:17:12","guid":{"rendered":"http:\/\/neogroup.eu\/o-nas\/"},"modified":"2024-05-07T14:54:52","modified_gmt":"2024-05-07T12:54:52","slug":"o-nas","status":"publish","type":"page","link":"https:\/\/neogroup.eu\/pl\/o-nas\/","title":{"rendered":"O nas"},"content":{"rendered":"<p>NEO GROUP to nowoczesna dynamicznie rozwijaj\u0105ca si\u0119 firma, b\u0119d\u0105ca jednym z g\u0142\u00f3wnych, europejskich producent\u00f3w granulat\u00f3w PET oraz polyoli.<\/p>\n","protected":false},"excerpt":{"rendered":"<p>NEO GROUP to nowoczesna dynamicznie rozwijaj\u0105ca si\u0119 firma, b\u0119d\u0105ca jednym z g\u0142\u00f3wnych, europejskich producent\u00f3w granulat\u00f3w PET oraz polyoli.<\/p>\n","protected":false},"author":3,"featured_media":2454,"parent":0,"menu_order":85,"comment_status":"closed","ping_status":"closed","template":"page-about-us.php","meta":{"_acf_changed":false,"footnotes":""},"class_list":["post-1987","page","type-page","status-publish","has-post-thumbnail","hentry"],"acf":[],"_links":{"self":[{"href":"https:\/\/neogroup.eu\/pl\/wp-json\/wp\/v2\/pages\/1987","targetHints":{"allow":["GET"]}}],"collection":[{"href":"https:\/\/neogroup.eu\/pl\/wp-json\/wp\/v2\/pages"}],"about":[{"href":"https:\/\/neogroup.eu\/pl\/wp-json\/wp\/v2\/types\/page"}],"author":[{"embeddable":true,"href":"https:\/\/neogroup.eu\/pl\/wp-json\/wp\/v2\/users\/3"}],"replies":[{"embeddable":true,"href":"https:\/\/neogroup.eu\/pl\/wp-json\/wp\/v2\/comments?post=1987"}],"version-history":[{"count":1,"href":"https:\/\/neogroup.eu\/pl\/wp-json\/wp\/v2\/pages\/1987\/revisions"}],"predecessor-version":[{"id":6311,"href":"https:\/\/neogroup.eu\/pl\/wp-json\/wp\/v2\/pages\/1987\/revisions\/6311"}],"wp:featuredmedia":[{"embeddable":true,"href":"https:\/\/neogroup.eu\/pl\/wp-json\/wp\/v2\/media\/2454"}],"wp:attachment":[{"href":"https:\/\/neogroup.eu\/pl\/wp-json\/wp\/v2\/media?parent=1987"}],"curies":[{"name":"wp","href":"https:\/\/api.w.org\/{rel}","templated":true}]}}