{"id":1994,"date":"2017-09-11T14:19:20","date_gmt":"2017-09-11T12:19:20","guid":{"rendered":"http:\/\/neogroup.eu\/nowosci\/"},"modified":"2021-12-31T16:50:54","modified_gmt":"2021-12-31T14:50:54","slug":"nowosci","status":"publish","type":"page","link":"https:\/\/neogroup.eu\/pl\/nowosci\/","title":{"rendered":"Nowo\u015bci"},"content":{"rendered":"<p>Wydarzenia, inwestycje i rozw\u00f3j produkt\u00f3w.<br \/>\nB\u0105d\u017a na bie\u017c\u0105co z najnowszymi wiadomo\u015bciami firmy NEO GROUP.<\/p>\n","protected":false},"excerpt":{"rendered":"<p>Wydarzenia, inwestycje i rozw\u00f3j produkt\u00f3w. B\u0105d\u017a na bie\u017c\u0105co z najnowszymi wiadomo\u015bciami firmy NEO GROUP.<\/p>\n","protected":false},"author":3,"featured_media":2448,"parent":0,"menu_order":94,"comment_status":"closed","ping_status":"closed","template":"page-news.php","meta":{"_acf_changed":false,"footnotes":""},"class_list":["post-1994","page","type-page","status-publish","has-post-thumbnail","hentry"],"acf":[],"_links":{"self":[{"href":"https:\/\/neogroup.eu\/pl\/wp-json\/wp\/v2\/pages\/1994","targetHints":{"allow":["GET"]}}],"collection":[{"href":"https:\/\/neogroup.eu\/pl\/wp-json\/wp\/v2\/pages"}],"about":[{"href":"https:\/\/neogroup.eu\/pl\/wp-json\/wp\/v2\/types\/page"}],"author":[{"embeddable":true,"href":"https:\/\/neogroup.eu\/pl\/wp-json\/wp\/v2\/users\/3"}],"replies":[{"embeddable":true,"href":"https:\/\/neogroup.eu\/pl\/wp-json\/wp\/v2\/comments?post=1994"}],"version-history":[{"count":0,"href":"https:\/\/neogroup.eu\/pl\/wp-json\/wp\/v2\/pages\/1994\/revisions"}],"wp:featuredmedia":[{"embeddable":true,"href":"https:\/\/neogroup.eu\/pl\/wp-json\/wp\/v2\/media\/2448"}],"wp:attachment":[{"href":"https:\/\/neogroup.eu\/pl\/wp-json\/wp\/v2\/media?parent=1994"}],"curies":[{"name":"wp","href":"https:\/\/api.w.org\/{rel}","templated":true}]}}