{"id":2029,"date":"2017-10-06T12:27:28","date_gmt":"2017-10-06T10:27:28","guid":{"rendered":"http:\/\/neogroup.eu\/dla-partnerow-biznesowych\/"},"modified":"2026-02-06T10:05:05","modified_gmt":"2026-02-06T08:05:05","slug":"dla-partnerow-biznesowych","status":"publish","type":"page","link":"https:\/\/neogroup.eu\/pl\/dla-partnerow-biznesowych\/","title":{"rendered":"Dla partner\u00f3w biznesowych"},"content":{"rendered":"<p><strong>Dzi\u0119kujemy za decyzj\u0119 o podj\u0119ciu wsp\u00f3\u0142pracy z NEO GROUP &#8211; b\u0119dziemy rzetelnym partnerem biznesowym, wsp\u00f3\u0142pracuj\u0105cym dla naszego wsp\u00f3lnego sukcesu. Mo\u017cesz zapozna\u0107 si\u0119 z informacjami przeznaczonymi dla partner\u00f3w biznesowych.<\/strong><\/p>\n<p>Ma zastosowanie do um\u00f3w zawartych od dnia 02\/02\/2026.<br \/>\n<a class=\"like-btn\" href=\"https:\/\/neogroup.eu\/wp-content\/uploads\/2026\/02\/NEO_2026-02-01_NEO_GTC_sales_EN.pdf\" target=\"_blank\" rel=\"noopener noreferrer\">OG\u00d3LNE WARUNKI SPRZEDA\u017bY<\/a><\/p>\n<p>Ma zastosowanie do um\u00f3w zawartych od dnia 18\/12\/2023.<br \/>\n<a class=\"like-btn\" href=\"https:\/\/neogroup.eu\/wp-content\/uploads\/2024\/04\/NEO_2023-12-18_NEO_GTC_sales_EN_1.pdf\" target=\"_blank\" rel=\"noopener noreferrer\">OG\u00d3LNE WARUNKI SPRZEDA\u017bY<\/a><\/p>\n<p>Ma zastosowanie do um\u00f3w zawartych od dnia 18\/11\/2020 do 17\/12\/2023.<br \/>\n<a class=\"like-btn\" href=\"http:\/\/neogroup.eu\/wp-content\/uploads\/2020\/11\/2020-11-18_NEO-GROUP-UAB_GTC_ENG.pdf\" target=\"_blank\" rel=\"noopener noreferrer\">OG\u00d3LNE WARUNKI SPRZEDA\u017bY<\/a><\/p>\n<p>Ma zastosowanie do um\u00f3w zawartych w okresie od dnia 08.08.2017 do 18.11.2020.<br \/>\n<a class=\"like-btn\" href=\"http:\/\/neogroup.eu\/wp-content\/uploads\/2017\/10\/Priedas-Nr.-1-General-terms-EN-2017-08.pdf\" target=\"_blank\" rel=\"noopener noreferrer\">OG\u00d3LNE WARUNKI SPRZEDA\u017bY<\/a><\/p>\n<p>Ma zastosowanie do um\u00f3w zawartych w okresie od dnia 09.09.2014 do dnia 08.08.2017.<br \/>\n<a class=\"like-btn\" href=\"\/wp-content\/uploads\/2013\/05\/General-terms-EN-2014-09-09.pdf\" target=\"_blank\" rel=\"noopener noreferrer\">OG\u00d3LNE WARUNKI SPRZEDA\u017bY<\/a><\/p>\n<p>Ma zastosowanie do um\u00f3w zawartych w okresie od dnia 15.04.2014 do dnia 08.09.2014.<br \/>\n<a class=\"like-btn\" href=\"\/wp-content\/uploads\/2014\/04\/General-terms-and-conditions-of-sale-2014-04_en_v2.pdf\" target=\"_blank\" rel=\"noopener noreferrer\">OG\u00d3LNE WARUNKI SPRZEDA\u017bY<\/a><\/p>\n<p><strong>Informacje dla kontrahent\u00f3w i przewo\u017anik\u00f3w, dzia\u0142aj\u0105cych na terytorium UAB \u201eNEO GROUP\u201d (w j\u0119zyku angielskim i litewskim):<\/strong><\/p>\n<p><a class=\"like-btn\" href=\"http:\/\/neogroup.eu\/wp-content\/uploads\/2020\/09\/Tvarka-rangovams_Rev_4_2020-09-11.pdf\" target=\"_blank\" rel=\"noopener noreferrer\">Informacje dla kontrahent\u00f3w<\/a><\/p>\n<p><a class=\"like-btn\" href=\"http:\/\/neogroup.eu\/wp-content\/uploads\/2020\/02\/Tvarka-vezejams_Rev2_2016-06-06_EN.pdf\" target=\"_blank\" rel=\"noopener noreferrer\">Informacje dla przewo\u017anik\u00f3w<\/a><\/p>\n<p>Inne:<\/p>\n<p><a class=\"like-btn\" href=\"http:\/\/neogroup.eu\/wp-content\/uploads\/2020\/11\/Code-of-business-Conduct_LT-ENG.pdf\" target=\"_blank\" rel=\"noopener noreferrer\">KODEKS ETYKI I POST\u0118POWANIA W BIZNESIE<\/a><\/p>\n<p><a class=\"like-btn\" href=\"http:\/\/neogroup.eu\/wp-content\/uploads\/2021\/12\/UAB-NEO-GROUP-Verslo-etikos-kodeksas-tiek\u0117jams.pdf\" target=\"_blank\" rel=\"noopener noreferrer\">KODEKS POST\u0118POWANIA DLA DOSTAWC\u00d3W<\/a><\/p>\n<p>Je\u015bli na stronie brakuje interesuj\u0105cych Ci\u0119 informacji, skontaktuj si\u0119 z nami na adres\u00a0<a href=\"mailto:info@neogroup.eu\">info@neogroup.eu<\/a>, a my odpowiemy na wszelkie Twoje pytania.<\/p>\n","protected":false},"excerpt":{"rendered":"<p>Dzi\u0119kujemy za decyzj\u0119 o podj\u0119ciu wsp\u00f3\u0142pracy z NEO GROUP &#8211; b\u0119dziemy rzetelnym partnerem biznesowym, wsp\u00f3\u0142pracuj\u0105cym dla naszego wsp\u00f3lnego sukcesu. Mo\u017cesz zapozna\u0107 si\u0119 z informacjami przeznaczonymi dla partner\u00f3w biznesowych. Ma zastosowanie do um\u00f3w zawartych od dnia 02\/02\/2026. OG\u00d3LNE WARUNKI SPRZEDA\u017bY Ma zastosowanie do um\u00f3w zawartych od dnia 18\/12\/2023. OG\u00d3LNE WARUNKI SPRZEDA\u017bY Ma zastosowanie do um\u00f3w zawartych [&hellip;]<\/p>\n","protected":false},"author":3,"featured_media":4141,"parent":0,"menu_order":19,"comment_status":"closed","ping_status":"closed","template":"","meta":{"_acf_changed":false,"footnotes":""},"class_list":["post-2029","page","type-page","status-publish","has-post-thumbnail","hentry"],"acf":[],"_links":{"self":[{"href":"https:\/\/neogroup.eu\/pl\/wp-json\/wp\/v2\/pages\/2029","targetHints":{"allow":["GET"]}}],"collection":[{"href":"https:\/\/neogroup.eu\/pl\/wp-json\/wp\/v2\/pages"}],"about":[{"href":"https:\/\/neogroup.eu\/pl\/wp-json\/wp\/v2\/types\/page"}],"author":[{"embeddable":true,"href":"https:\/\/neogroup.eu\/pl\/wp-json\/wp\/v2\/users\/3"}],"replies":[{"embeddable":true,"href":"https:\/\/neogroup.eu\/pl\/wp-json\/wp\/v2\/comments?post=2029"}],"version-history":[{"count":3,"href":"https:\/\/neogroup.eu\/pl\/wp-json\/wp\/v2\/pages\/2029\/revisions"}],"predecessor-version":[{"id":7125,"href":"https:\/\/neogroup.eu\/pl\/wp-json\/wp\/v2\/pages\/2029\/revisions\/7125"}],"wp:featuredmedia":[{"embeddable":true,"href":"https:\/\/neogroup.eu\/pl\/wp-json\/wp\/v2\/media\/4141"}],"wp:attachment":[{"href":"https:\/\/neogroup.eu\/pl\/wp-json\/wp\/v2\/media?parent=2029"}],"curies":[{"name":"wp","href":"https:\/\/api.w.org\/{rel}","templated":true}]}}